{"id":1284,"date":"2020-02-06T20:42:59","date_gmt":"2020-02-06T19:42:59","guid":{"rendered":"https:\/\/www.jesolohistory.it\/la-mansio\/"},"modified":"2024-01-10T13:20:33","modified_gmt":"2024-01-10T12:20:33","slug":"die-mansio","status":"publish","type":"page","link":"https:\/\/www.jesolohistory.it\/de\/die-mansio\/","title":{"rendered":"Die Mansio"},"content":{"rendered":"<div class=\"wpb-content-wrapper\">[vc_row full_width=&#8220;stretch_row_content_no_spaces&#8220; content_placement=&#8220;middle&#8220; css=&#8220;.vc_custom_1704889198756{padding-top: 50px !important;padding-bottom: 50px !important;background-color: #f5b382 !important;}&#8220;][vc_column]<div class=\"norebro-heading-sc heading text-center\"\n\tid=\"norebro-custom-69e4b485ca1db\" \n\t \n\t>\n\t\n\t\n\t\n\t<h2 class=\"title\">\n\t\tDIE MANSIO\t<\/h2>\n\n\t\n\t\t\t<p class=\"subtitle\">\n\t\t\tDAS ERSTE \u201eHOTEL\u201c JESOLOS\t\t<\/p>\n\t\t\n<\/div>[vc_empty_space][\/vc_column][\/vc_row][vc_row full_width=&#8220;stretch_row_content_no_spaces&#8220; css=&#8220;.vc_custom_1704889212012{background-color: #f5b382 !important;}&#8220;][vc_column width=&#8220;1\/6&#8243; css=&#8220;.vc_custom_1704888913268{padding-top: 20px !important;padding-bottom: 20px !important;background-color: #e78337 !important;}&#8220;]<div class=\"norebro-heading-sc heading text-center\"\n\tid=\"norebro-custom-69e4b485ca43b\" \n\t \n\t>\n\t\n\t\n\t\n\t<h3 class=\"title\">\n\t\t<i class=\"fas fa-hourglass-half\"><\/i> 14. \u2013 16. Jahrhundert\t<\/h3>\n\n\t\n\t\t\n<\/div>[\/vc_column][vc_column width=&#8220;5\/6&#8243;][\/vc_column][\/vc_row][vc_row full_width=&#8220;stretch_row_content_no_spaces&#8220;][vc_column]<div style=\"width:;\" class=\"cqtooltip-wrapper \" data-opacity=\"1\" data-tooltipanimation=\"grow\" data-tooltipstyle=\"shadow\" data-trigger=\"click\" data-maxwidth=\"350\" data-marginoffset=\"\" data-isdisplayall=\"off\" data-displayednum=\"1\"><img decoding=\"async\" src=\"https:\/\/www.jesolohistory.it\/wp-content\/uploads\/2020\/02\/la-mansio-1-1.jpg\" alt=\"\" \/><div class=\"cq-hotspots\"><div class=\"hotspot-item  \" style=\"top:41.72010676156584%;left:46.90363349131121%;\" data-top=\"41.72010676156584%\" data-left=\"46.90363349131121%\"><a href=\"#\" class=\"cq-tooltip\" style=\"background:#f2dc00;\" data-tooltip=\"&lt;iframe src=&quot;https:\/\/www.youtube.com\/embed\/8j2FI2TgE8A&quot; width=&quot;560&quot; height=&quot;315&quot; frameborder=&quot;0&quot; allowfullscreen=&quot;allowfullscreen&quot;&gt;&lt;\/iframe&gt;\" data-arrowposition=\"\"><i class=\"fa fa-video\" style=\"color:#ffffff;\"><\/i><\/a><\/div><div class=\"hotspot-item  \" style=\"top:55.097864768683266%;left:52.38546603475513%;\" data-top=\"55.097864768683266%\" data-left=\"52.38546603475513%\"><a href=\"#\" class=\"cq-tooltip\" style=\"background:#b11a17;\" data-tooltip=\"&lt;img src=&quot;\/wp-content\/uploads\/2020\/07\/la-mansio2-de.jpg&quot; \/&gt;\" data-arrowposition=\"top\"><i class=\"fa fa-camera\" style=\"color:#ffffff;\"><\/i><\/a><\/div><div class=\"hotspot-item  \" style=\"top:22.028469750889677%;left:34.09162717219589%;\" data-top=\"22.028469750889677%\" data-left=\"34.09162717219589%\"><a href=\"#\" class=\"cq-tooltip\" style=\"background:#b11a17;\" data-tooltip=\"&lt;img src=&quot;\/wp-content\/uploads\/2020\/07\/la-mansio3-de.jpg&quot; \/&gt;\" data-arrowposition=\"top\"><i class=\"fa fa-camera\" style=\"color:#ffffff;\"><\/i><\/a><\/div><div class=\"hotspot-item  \" style=\"top:7.722419928825623%;left:77.97788309636651%;\" data-top=\"7.722419928825623%\" data-left=\"77.97788309636651%\"><a href=\"#\" class=\"cq-tooltip\" style=\"background:#b11a17;\" data-tooltip=\"&lt;img src=&quot;\/wp-content\/uploads\/2020\/07\/la-mansio4-de.jpg&quot; \/&gt;\" data-arrowposition=\"top\"><i class=\"fa fa-camera\" style=\"color:#ffffff;\"><\/i><\/a><\/div><div class=\"hotspot-item  \" style=\"top:60.53078291814946%;left:14.628751974723539%;\" data-top=\"60.53078291814946%\" data-left=\"14.628751974723539%\"><a href=\"#\" class=\"cq-tooltip\" style=\"background:#b11a17;\" data-tooltip=\"&lt;img src=&quot;\/wp-content\/uploads\/2020\/07\/la-mansio5-de.jpg&quot; \/&gt;\" data-arrowposition=\"top\"><i class=\"fa fa-camera\" style=\"color:#ffffff;\"><\/i><\/a><\/div><div class=\"hotspot-item  \" style=\"top:31.186298932384343%;left:76.81674565560822%;\" data-top=\"31.186298932384343%\" data-left=\"76.81674565560822%\"><a href=\"#\" class=\"cq-tooltip\" style=\"background:#b11a17;\" data-tooltip=\"&lt;img src=&quot;\/wp-content\/uploads\/2020\/07\/la-mansio6-de.jpg&quot; \/&gt;\" data-arrowposition=\"top\"><i class=\"fa fa-camera\" style=\"color:#ffffff;\"><\/i><\/a><\/div><div class=\"hotspot-item  \" style=\"top:69.4603202846975%;left:55.11848341232227%;\" data-top=\"69.4603202846975%\" data-left=\"55.11848341232227%\"><a href=\"#\" class=\"cq-tooltip\" style=\"background:#b11a17;\" data-tooltip=\"&lt;img src=&quot;\/wp-content\/uploads\/2020\/07\/la-mansio7-de.jpg&quot; \/&gt;\" data-arrowposition=\"top\"><i class=\"fa fa-camera\" style=\"color:#ffffff;\"><\/i><\/a><\/div><div class=\"hotspot-item  \" style=\"top:38.16138790035588%;left:34.162717219589254%;\" data-top=\"38.16138790035588%\" data-left=\"34.162717219589254%\"><a href=\"#\" class=\"cq-tooltip\" style=\"background:#b11a17;\" data-tooltip=\"&lt;img src=&quot;\/wp-content\/uploads\/2020\/07\/la-mansio8-de.jpg&quot; \/&gt;\" data-arrowposition=\"top\"><i class=\"fa fa-camera\" style=\"color:#ffffff;\"><\/i><\/a><\/div><div class=\"hotspot-item  \" style=\"top:56.66672597864768%;left:40.32385466034755%;\" data-top=\"56.66672597864768%\" data-left=\"40.32385466034755%\"><a href=\"#\" class=\"cq-tooltip\" style=\"background:#b11a17;\" data-tooltip=\"&lt;img src=&quot;\/wp-content\/uploads\/2020\/07\/la-mansio9-de.jpg&quot; \/&gt;\" data-arrowposition=\"top\"><i class=\"fa fa-camera\" style=\"color:#ffffff;\"><\/i><\/a><\/div><div class=\"hotspot-item  \" style=\"top:13.962046263345195%;left:40.00789889415482%;\" data-top=\"13.962046263345195%\" data-left=\"40.00789889415482%\"><a href=\"#\" class=\"cq-tooltip\" style=\"background:#b11a17;\" data-tooltip=\"&lt;img src=&quot;\/wp-content\/uploads\/2020\/07\/la-mansio10-de.jpg&quot; \/&gt;\" data-arrowposition=\"top\"><i class=\"fa fa-camera\" style=\"color:#ffffff;\"><\/i><\/a><\/div><div class=\"hotspot-item  \" style=\"top:73.92651245551602%;left:43.16745655608215%;\" data-top=\"73.92651245551602%\" data-left=\"43.16745655608215%\"><a href=\"#\" class=\"cq-tooltip\" style=\"background:#b11a17;\" data-tooltip=\"&lt;img src=&quot;\/wp-content\/uploads\/2020\/07\/la-mansio11-de.jpg&quot; \/&gt;\" data-arrowposition=\"top\"><i class=\"fa fa-camera\" style=\"color:#ffffff;\"><\/i><\/a><\/div><div class=\"hotspot-item  \" style=\"top:45.10088967971531%;left:67.65402843601895%;\" data-top=\"45.10088967971531%\" data-left=\"67.65402843601895%\"><a href=\"#\" class=\"cq-tooltip\" style=\"background:#b11a17;\" data-tooltip=\"&lt;img src=&quot;\/wp-content\/uploads\/2020\/07\/la-mansio12-de.jpg&quot; \/&gt;\" data-arrowposition=\"top\"><i class=\"fa fa-camera\" style=\"color:#ffffff;\"><\/i><\/a><\/div><\/div><\/div>[\/vc_column][\/vc_row][vc_row full_width=&#8220;stretch_row&#8220; css=&#8220;.vc_custom_1704888923557{margin-top: -10px !important;background-color: #e78337 !important;}&#8220;][vc_column css=&#8220;.vc_custom_1582626112211{padding-top: 50px !important;padding-bottom: 50px !important;}&#8220; el_class=&#8220;video-preview&#8220;][na_posts_carousel height=&#8220;&#8220; excerpt=&#8220;0&#8243; comment=&#8220;none&#8220; catg=&#8220;none&#8220; dot=&#8220;false&#8220; autoplay=&#8220;false&#8220; txtclr=&#8220;#ffffff&#8220; dateclr=&#8220;#000000&#8243; descclr=&#8220;#888888&#8243; settings=&#8220;order:ASC|post_type:post|categories:9&#8243;][\/vc_column][\/vc_row][vc_row full_width=&#8220;stretch_row&#8220; css=&#8220;.vc_custom_1704889225299{margin-top: 10px !important;padding-top: 50px !important;padding-bottom: 50px !important;background-color: #f5b382 !important;}&#8220;][vc_column][vc_single_image image=&#8220;907&#8243; img_size=&#8220;full&#8220;][vc_column_text el_class=&#8220;info-text&#8220;]<strong>Die antike Siedlung Jesolos befand sich auf einer von der Lagune umgebenen Insel,<\/strong> der Insula Equilus. In der Sp\u00e4tantike, <strong>zwischen dem 4. und 5. Jahrhundert n. Chr.<\/strong>, w\u00e4hrend des Niedergangs des R\u00f6mischen Reiches, <strong>entstand hier eine Mansio,<\/strong> eine organisierte Raststation f\u00fcr im gesch\u00fctzten Binnennetz der Lagunenkan\u00e4le auf dem Wasser Reisende. Dieses Netz verband die wichtigsten Orte des Adriabogens von Ravenna bis Aquileia. <strong>Die Ausgrabungskampagnen von 2013 bis 2016 brachten zahlreiche und artikulierte Strukturen ans Tageslicht,<\/strong> darunter:<\/p>\n<ul>\n<li><strong>ein gro\u00dfes Geb\u00e4ude<\/strong> f\u00fcr die Beherbergung von Reisenden (Soldaten und Kaufleute)\u00a0\u2013\u00a0heute w\u00fcrden wir es als G\u00e4stehaus oder Hotelgeb\u00e4ude bezeichnen\u00a0\u2013\u00a0das sich durch eine Reihe gleichartiger, nebeneinander liegender Zimmer auszeichnet, in denen vermutlich Betten und K\u00fcchen untergebracht waren (jedes dieser Zimmer hatte eine gemauerte Feuerstelle).<\/li>\n<li><strong>eine Reihe von Lagerh\u00e4usern und Werkst\u00e4tten <\/strong>f\u00fcr die Eisen- und Beinverarbeitung.<\/li>\n<li><strong>Spuren von prestigevolleren Geb\u00e4uden<\/strong> mit Marmorfliesen, vielleicht f\u00fcr die Beherbergung hochrangiger Pers\u00f6nlichkeiten und Beamter.<\/li>\n<\/ul>\n<p><strong>Zu dieser Zeit erfreute sich Equilo<\/strong> dank der Ressourcen und Naturalien der Lagune (Fisch, Salz) und dem dichten, weit verzweigten Handelsnetz zum Nahen Osten und Nordafrika sowie zu lokalen und regionalen Orten <strong>einer florierenden Wirtschaft<\/strong>. Von diesem Reichtum zeugen zahlreiche Funde: Amphoren, Teller, T\u00f6pfe, M\u00fcnzen, K\u00e4mme, Schmuck, Lampen, Kelche &#8230;[\/vc_column_text][\/vc_column][\/vc_row][vc_row full_width=&#8220;stretch_row&#8220; css=&#8220;.vc_custom_1704889231035{margin-top: 10px !important;padding-top: 50px !important;padding-bottom: 50px !important;background-color: #f5b382 !important;}&#8220;][vc_column][vc_images_carousel images=&#8220;995,178,135,994,993,992,991,990,989,988,987,986,985,984,983,982,981,980,979,978,977,976,975,974,973,972,971,970,969,968,967,966,965,964,963,962,961,960,959,958,957,956,955,954,953,952,951,950,949,948,947,946,945,944,943,942,941,940,939,938,937,259,258,257,256,255,254,253,252,251,249,246,245,242,241,236,234,233,232,230,229,228,227,226,225,224,223,222,221,220,219,218,217,216,215,214,213,212,211,210,209,208,205,204,203,202,201,200,199,194,193,192,191,190,187,186,185,184,182,180,179,176,175,173,172,171,169,168,167,166,164,162,161,160,159,158,157,156,154,153,152,151,147,146,145,144,141,140,139,138,137,136&#8243; img_size=&#8220;full&#8220; slides_per_view=&#8220;5&#8243; autoplay=&#8220;yes&#8220; hide_pagination_control=&#8220;yes&#8220; wrap=&#8220;yes&#8220;][\/vc_column][\/vc_row]\n<\/div>","protected":false},"excerpt":{"rendered":"<p>[vc_row full_width=&#8220;stretch_row_content_no_spaces&#8220; content_placement=&#8220;middle&#8220; css=&#8220;.vc_custom_1704889198756{padding-top: 50px !important;padding-bottom: 50px !important;background-color: #f5b382 !important;}&#8220;][vc_column][vc_empty_space][\/vc_column][\/vc_row][vc_row full_width=&#8220;stretch_row_content_no_spaces&#8220; css=&#8220;.vc_custom_1704889212012{background-color: #f5b382 !important;}&#8220;][vc_column&#8230;<\/p>\n","protected":false},"author":1,"featured_media":0,"parent":0,"menu_order":0,"comment_status":"closed","ping_status":"closed","template":"","meta":{"_acf_changed":false,"footnotes":"","_links_to":"","_links_to_target":""},"class_list":["post-1284","page","type-page","status-publish","hentry"],"acf":[],"yoast_head":"<!-- This site is optimized with the Yoast SEO plugin v24.0 - https:\/\/yoast.com\/wordpress\/plugins\/seo\/ -->\n<title>Die Mansio | Jesolo History<\/title>\n<meta name=\"robots\" content=\"index, follow, max-snippet:-1, max-image-preview:large, max-video-preview:-1\" \/>\n<link rel=\"canonical\" href=\"https:\/\/www.jesolohistory.it\/de\/die-mansio\/\" \/>\n<meta property=\"og:locale\" content=\"de_DE\" \/>\n<meta property=\"og:type\" content=\"article\" \/>\n<meta property=\"og:title\" content=\"Die Mansio | Jesolo History\" \/>\n<meta property=\"og:description\" content=\"[vc_row full_width=&#8220;stretch_row_content_no_spaces&#8220; content_placement=&#8220;middle&#8220; css=&#8220;.vc_custom_1704889198756{padding-top: 50px !important;padding-bottom: 50px !important;background-color: #f5b382 !important;}&#8220;][vc_column][vc_empty_space][\/vc_column][\/vc_row][vc_row full_width=&#8220;stretch_row_content_no_spaces&#8220; css=&#8220;.vc_custom_1704889212012{background-color: #f5b382 !important;}&#8220;][vc_column...\" \/>\n<meta property=\"og:url\" content=\"https:\/\/www.jesolohistory.it\/de\/die-mansio\/\" \/>\n<meta property=\"og:site_name\" content=\"Jesolo History\" \/>\n<meta property=\"article:modified_time\" content=\"2024-01-10T12:20:33+00:00\" \/>\n<meta name=\"twitter:card\" content=\"summary_large_image\" \/>\n<meta name=\"twitter:label1\" content=\"Gesch\u00e4tzte Lesezeit\" \/>\n\t<meta name=\"twitter:data1\" content=\"5\u00a0Minuten\" \/>\n<script type=\"application\/ld+json\" class=\"yoast-schema-graph\">{\"@context\":\"https:\/\/schema.org\",\"@graph\":[{\"@type\":\"WebPage\",\"@id\":\"https:\/\/www.jesolohistory.it\/de\/die-mansio\/\",\"url\":\"https:\/\/www.jesolohistory.it\/de\/die-mansio\/\",\"name\":\"Die Mansio | Jesolo History\",\"isPartOf\":{\"@id\":\"https:\/\/www.jesolohistory.it\/de\/#website\"},\"datePublished\":\"2020-02-06T19:42:59+00:00\",\"dateModified\":\"2024-01-10T12:20:33+00:00\",\"breadcrumb\":{\"@id\":\"https:\/\/www.jesolohistory.it\/de\/die-mansio\/#breadcrumb\"},\"inLanguage\":\"de\",\"potentialAction\":[{\"@type\":\"ReadAction\",\"target\":[\"https:\/\/www.jesolohistory.it\/de\/die-mansio\/\"]}]},{\"@type\":\"BreadcrumbList\",\"@id\":\"https:\/\/www.jesolohistory.it\/de\/die-mansio\/#breadcrumb\",\"itemListElement\":[{\"@type\":\"ListItem\",\"position\":1,\"name\":\"Home\",\"item\":\"https:\/\/www.jesolohistory.it\/de\/\"},{\"@type\":\"ListItem\",\"position\":2,\"name\":\"Die Mansio\"}]},{\"@type\":\"WebSite\",\"@id\":\"https:\/\/www.jesolohistory.it\/de\/#website\",\"url\":\"https:\/\/www.jesolohistory.it\/de\/\",\"name\":\"Jesolo History\",\"description\":\"\",\"publisher\":{\"@id\":\"https:\/\/www.jesolohistory.it\/de\/#organization\"},\"potentialAction\":[{\"@type\":\"SearchAction\",\"target\":{\"@type\":\"EntryPoint\",\"urlTemplate\":\"https:\/\/www.jesolohistory.it\/de\/?s={search_term_string}\"},\"query-input\":{\"@type\":\"PropertyValueSpecification\",\"valueRequired\":true,\"valueName\":\"search_term_string\"}}],\"inLanguage\":\"de\"},{\"@type\":\"Organization\",\"@id\":\"https:\/\/www.jesolohistory.it\/de\/#organization\",\"name\":\"Jesolo History\",\"url\":\"https:\/\/www.jesolohistory.it\/de\/\",\"logo\":{\"@type\":\"ImageObject\",\"inLanguage\":\"de\",\"@id\":\"https:\/\/www.jesolohistory.it\/de\/#\/schema\/logo\/image\/\",\"url\":\"https:\/\/www.jesolohistory.it\/wp-content\/uploads\/2020\/02\/logo-jesolo-history-1.png\",\"contentUrl\":\"https:\/\/www.jesolohistory.it\/wp-content\/uploads\/2020\/02\/logo-jesolo-history-1.png\",\"width\":674,\"height\":318,\"caption\":\"Jesolo History\"},\"image\":{\"@id\":\"https:\/\/www.jesolohistory.it\/de\/#\/schema\/logo\/image\/\"}}]}<\/script>\n<!-- \/ Yoast SEO plugin. -->","yoast_head_json":{"title":"Die Mansio | Jesolo History","robots":{"index":"index","follow":"follow","max-snippet":"max-snippet:-1","max-image-preview":"max-image-preview:large","max-video-preview":"max-video-preview:-1"},"canonical":"https:\/\/www.jesolohistory.it\/de\/die-mansio\/","og_locale":"de_DE","og_type":"article","og_title":"Die Mansio | Jesolo History","og_description":"[vc_row full_width=&#8220;stretch_row_content_no_spaces&#8220; content_placement=&#8220;middle&#8220; css=&#8220;.vc_custom_1704889198756{padding-top: 50px !important;padding-bottom: 50px !important;background-color: #f5b382 !important;}&#8220;][vc_column][vc_empty_space][\/vc_column][\/vc_row][vc_row full_width=&#8220;stretch_row_content_no_spaces&#8220; css=&#8220;.vc_custom_1704889212012{background-color: #f5b382 !important;}&#8220;][vc_column...","og_url":"https:\/\/www.jesolohistory.it\/de\/die-mansio\/","og_site_name":"Jesolo History","article_modified_time":"2024-01-10T12:20:33+00:00","twitter_card":"summary_large_image","twitter_misc":{"Gesch\u00e4tzte Lesezeit":"5\u00a0Minuten"},"schema":{"@context":"https:\/\/schema.org","@graph":[{"@type":"WebPage","@id":"https:\/\/www.jesolohistory.it\/de\/die-mansio\/","url":"https:\/\/www.jesolohistory.it\/de\/die-mansio\/","name":"Die Mansio | Jesolo History","isPartOf":{"@id":"https:\/\/www.jesolohistory.it\/de\/#website"},"datePublished":"2020-02-06T19:42:59+00:00","dateModified":"2024-01-10T12:20:33+00:00","breadcrumb":{"@id":"https:\/\/www.jesolohistory.it\/de\/die-mansio\/#breadcrumb"},"inLanguage":"de","potentialAction":[{"@type":"ReadAction","target":["https:\/\/www.jesolohistory.it\/de\/die-mansio\/"]}]},{"@type":"BreadcrumbList","@id":"https:\/\/www.jesolohistory.it\/de\/die-mansio\/#breadcrumb","itemListElement":[{"@type":"ListItem","position":1,"name":"Home","item":"https:\/\/www.jesolohistory.it\/de\/"},{"@type":"ListItem","position":2,"name":"Die Mansio"}]},{"@type":"WebSite","@id":"https:\/\/www.jesolohistory.it\/de\/#website","url":"https:\/\/www.jesolohistory.it\/de\/","name":"Jesolo History","description":"","publisher":{"@id":"https:\/\/www.jesolohistory.it\/de\/#organization"},"potentialAction":[{"@type":"SearchAction","target":{"@type":"EntryPoint","urlTemplate":"https:\/\/www.jesolohistory.it\/de\/?s={search_term_string}"},"query-input":{"@type":"PropertyValueSpecification","valueRequired":true,"valueName":"search_term_string"}}],"inLanguage":"de"},{"@type":"Organization","@id":"https:\/\/www.jesolohistory.it\/de\/#organization","name":"Jesolo History","url":"https:\/\/www.jesolohistory.it\/de\/","logo":{"@type":"ImageObject","inLanguage":"de","@id":"https:\/\/www.jesolohistory.it\/de\/#\/schema\/logo\/image\/","url":"https:\/\/www.jesolohistory.it\/wp-content\/uploads\/2020\/02\/logo-jesolo-history-1.png","contentUrl":"https:\/\/www.jesolohistory.it\/wp-content\/uploads\/2020\/02\/logo-jesolo-history-1.png","width":674,"height":318,"caption":"Jesolo History"},"image":{"@id":"https:\/\/www.jesolohistory.it\/de\/#\/schema\/logo\/image\/"}}]}},"_links":{"self":[{"href":"https:\/\/www.jesolohistory.it\/de\/wp-json\/wp\/v2\/pages\/1284","targetHints":{"allow":["GET"]}}],"collection":[{"href":"https:\/\/www.jesolohistory.it\/de\/wp-json\/wp\/v2\/pages"}],"about":[{"href":"https:\/\/www.jesolohistory.it\/de\/wp-json\/wp\/v2\/types\/page"}],"author":[{"embeddable":true,"href":"https:\/\/www.jesolohistory.it\/de\/wp-json\/wp\/v2\/users\/1"}],"replies":[{"embeddable":true,"href":"https:\/\/www.jesolohistory.it\/de\/wp-json\/wp\/v2\/comments?post=1284"}],"version-history":[{"count":11,"href":"https:\/\/www.jesolohistory.it\/de\/wp-json\/wp\/v2\/pages\/1284\/revisions"}],"predecessor-version":[{"id":5185,"href":"https:\/\/www.jesolohistory.it\/de\/wp-json\/wp\/v2\/pages\/1284\/revisions\/5185"}],"wp:attachment":[{"href":"https:\/\/www.jesolohistory.it\/de\/wp-json\/wp\/v2\/media?parent=1284"}],"curies":[{"name":"wp","href":"https:\/\/api.w.org\/{rel}","templated":true}]}}