{"id":3063,"date":"2020-02-06T20:43:55","date_gmt":"2020-02-06T19:43:55","guid":{"rendered":"https:\/\/www.jesolohistory.it\/the-mosaics-of-jesolo\/"},"modified":"2024-01-10T13:35:38","modified_gmt":"2024-01-10T12:35:38","slug":"die-mosaiken-jesolos","status":"publish","type":"page","link":"https:\/\/www.jesolohistory.it\/de\/die-mosaiken-jesolos\/","title":{"rendered":"Die mosaiken Jesolos"},"content":{"rendered":"<div class=\"wpb-content-wrapper\">[vc_row full_width=&#8220;stretch_row_content_no_spaces&#8220; full_height=&#8220;yes&#8220; content_placement=&#8220;middle&#8220; css=&#8220;.vc_custom_1704890135592{padding-top: 120px !important;background: #f5b382 url(https:\/\/www.jesolohistory.it\/wp-content\/uploads\/2020\/02\/i-mosaici-di-jesolo-1.jpg?id=558) !important;}&#8220;][vc_column]<div class=\"norebro-heading-sc heading text-center\"\n\tid=\"norebro-custom-69e4b48082b4f\" \n\t \n\t>\n\t\n\t\n\t\n\t<h2 class=\"title\">\n\t\tDIE MOSAIKEN<br>\nJESOLOS\t<\/h2>\n\n\t\n\t\t\t<p class=\"subtitle\">\n\t\t\t\t\t<\/p>\n\t\t\n<\/div>[vc_empty_space]<div class=\"norebro-button-sc btn-wrap text-center\" \n\tid=\"norebro-custom-69e4b48082dfd\"\n\t \n\t>\n\n\t<a href=\"https:\/\/www.jesolohistory.it\/de\/die-mosaiken-jesolos-video-in-ganzer-laenge\/\" \n\t\tclass=\"btn  btn-huge\">\n\n\t\t\n\t\t\n\t\t<span class=\"text\">\n\t\t\tSchau das video\t\t<\/span>\n\n\t\t\n\t\t\n\t\t\t<\/a>\n\n<\/div>[\/vc_column][\/vc_row][vc_row full_width=&#8220;stretch_row&#8220; css=&#8220;.vc_custom_1704890130441{margin-top: 10px !important;padding-top: 50px !important;padding-bottom: 50px !important;background-color: #f5b382 !important;}&#8220;][vc_column][vc_column_text el_class=&#8220;info-text&#8220;]<strong>DIE FR\u00dcHCHRISTLICHEN MOSAIKEN JESOLOS<\/strong><\/p>\n<p>In den Jahren 1963 und 1985 brachten die von der Oberaufsicht f\u00fcr Antiquit\u00e4ten der Region Venezie und der Gemeinde Jesolo gef\u00f6rderten Ausgrabungen in der Nordwestecke der Kathedrale die \u00dcberreste zweier vorbestehender Kirchen ans Licht. Die erste von ihnen bleibt als <strong>\u201eKirche der Mosaiken\u201c<\/strong> in Erinnerung, weil sie \u00fcber einen etwa 20\u00a0x\u00a014 Meter gro\u00dfen Basilika-Grundriss mit drei halbkreisf\u00f6rmigen Apsiden und einem Boden mit einem wundersch\u00f6nen polychromen Mosaikteppich aus dem 6.\u00a0\u2013\u00a07. Jahrhundert n. Chr. verf\u00fcgte.<br \/>\n<strong>Die geborgenen Mosaikfragmente<\/strong> zeigen die Pr\u00e4senz von Quadraten mit geometrischen Verzierungen und Rahmen mit einigen Inschriften, die an die Geldgeber f\u00fcr den bedeutsamen Dekorationsapparat erinnern. Religi\u00f6se Geb\u00e4ude mit \u00e4hnlichen Mosaiken wie die von Jesolo finden sich auch an anderen Orten der oberen Adria, wie Grado, Triest und Porec.<br \/>\nDie Mosaikfragmente wurden abgetragen und restauriert, um eine bessere Erhaltung zu gew\u00e4hrleisten, und sind <strong>derzeit<\/strong> im Ausstellungssaal neben dem Fremdenverkehrsb\u00fcro auf der Piazza Brescia 13, Lido di Jesolo, <strong>zu besichtigen.<\/strong>[\/vc_column_text][\/vc_column][\/vc_row][vc_row full_width=&#8220;stretch_row&#8220; equal_height=&#8220;yes&#8220; css=&#8220;.vc_custom_1704890124600{background-color: #f5b382 !important;}&#8220;][vc_column width=&#8220;1\/3&#8243; css=&#8220;.vc_custom_1582123849068{padding-right: 0px !important;}&#8220;][vc_single_image image=&#8220;565&#8243; img_size=&#8220;428&#215;525&#8243; alignment=&#8220;center&#8220;][\/vc_column][vc_column width=&#8220;2\/3&#8243; css=&#8220;.vc_custom_1582123856371{padding-left: 0px !important;}&#8220;][vc_single_image image=&#8220;566&#8243; img_size=&#8220;full&#8220; alignment=&#8220;center&#8220;][\/vc_column][\/vc_row][vc_row full_width=&#8220;stretch_row&#8220; css=&#8220;.vc_custom_1704890119876{padding-top: 50px !important;padding-bottom: 50px !important;background-color: #f5b382 !important;}&#8220;][vc_column][vc_column_text el_class=&#8220;info-text&#8220;]<strong>ANMERKUNGEN ZU DEN MOSAIKEN DER FR\u00dcHMITTELALTERLICHEN KIRCHE<\/strong><\/p>\n<p>Im Inneren des Saals folgte das Mosaik der Aufteilung der drei Schiffe mit zwei schmaleren Seitenstreifen und einem gr\u00f6\u00dferen Streifen im Mittelgang. Der s\u00fcdliche Streifen hatte ein geometrisches Meereswellenmuster innerhalb eines gezackten Rahmens <strong>(O-N-H-G)<\/strong> und endete zur Apsis hin mit einem Rechteck, in dem sich in einem Rahmen mit \u00fcberlappten Halbkreisen konzentrische Kreise mit Quadraten abwechselten <strong>(P)<\/strong>; dieses Muster wiederholte sich vermutlich auch symmetrisch im n\u00f6rdlichen Streifen <strong>(I)<\/strong>. Den Mittelkorridor schm\u00fcckte ein gro\u00dfer zentraler Clypeus. Das Kompositionsschema entwickelte sich innerhalb eines Geflechts, das ein zentrales Quadrat umschloss, in dem acht\u2028 verschachtelte Medaillons und zwei gro\u00dfe Rauten den Raum zwischen einem Paar konzentrischer Kreise <strong>(A)<\/strong> markierten. Die umliegende Fl\u00e4che wurde mit zwei B\u00e4ndern mit Schuppenmuster innerhalb eines Rahmens mit gegen\u00fcberliegenden schr\u00e4gen Bl\u00fctenbl\u00e4ttern und Paneelen mit vierbl\u00e4ttrigen Bl\u00fcten <strong>(B-C-F)<\/strong> gef\u00fcllt. Ein Gro\u00dfteil des zentralen Sektors vor den drei Apsiden ist verloren gegangen. An den Extremit\u00e4ten sind jedoch zwei Fragmente des Schuppenmusters innerhalb eines Bl\u00fctenblattrahmens erhalten, die bereits im zentralen Clypeus <strong>(D-E)<\/strong> zu sehen sind. Am Eingang zum Anbetungsraum befand sich ein durchgehendes Mosaik mit einer linearen Abfolge gro\u00dfer Blumen aus vier gezackten Bl\u00fctenb\u00e4ttern und einer mittleren Knospe in einem Rahmen aus gegen\u00fcberliegenden Lotusbl\u00fcten <strong>(L-M)<\/strong>.[\/vc_column_text][\/vc_column][\/vc_row]\n<\/div>","protected":false},"excerpt":{"rendered":"<p>[vc_row full_width=&#8220;stretch_row_content_no_spaces&#8220; full_height=&#8220;yes&#8220; content_placement=&#8220;middle&#8220; css=&#8220;.vc_custom_1704890135592{padding-top: 120px !important;background: #f5b382 url(https:\/\/www.jesolohistory.it\/wp-content\/uploads\/2020\/02\/i-mosaici-di-jesolo-1.jpg?id=558) !important;}&#8220;][vc_column][vc_empty_space][\/vc_column][\/vc_row][vc_row full_width=&#8220;stretch_row&#8220; css=&#8220;.vc_custom_1704890130441{margin-top: 10px !important;padding-top:&#8230;<\/p>\n","protected":false},"author":1,"featured_media":0,"parent":0,"menu_order":0,"comment_status":"closed","ping_status":"closed","template":"","meta":{"_acf_changed":false,"footnotes":"","_links_to":"","_links_to_target":""},"class_list":["post-3063","page","type-page","status-publish","hentry"],"acf":[],"yoast_head":"<!-- This site is optimized with the Yoast SEO plugin v24.0 - https:\/\/yoast.com\/wordpress\/plugins\/seo\/ -->\n<title>Die mosaiken Jesolos | Jesolo History<\/title>\n<meta name=\"robots\" content=\"index, follow, max-snippet:-1, max-image-preview:large, max-video-preview:-1\" \/>\n<link rel=\"canonical\" href=\"https:\/\/www.jesolohistory.it\/de\/die-mosaiken-jesolos\/\" \/>\n<meta property=\"og:locale\" content=\"de_DE\" \/>\n<meta property=\"og:type\" content=\"article\" \/>\n<meta property=\"og:title\" content=\"Die mosaiken Jesolos | Jesolo History\" \/>\n<meta property=\"og:description\" content=\"[vc_row full_width=&#8220;stretch_row_content_no_spaces&#8220; full_height=&#8220;yes&#8220; content_placement=&#8220;middle&#8220; css=&#8220;.vc_custom_1704890135592{padding-top: 120px !important;background: #f5b382 url(https:\/\/www.jesolohistory.it\/wp-content\/uploads\/2020\/02\/i-mosaici-di-jesolo-1.jpg?id=558) !important;}&#8220;][vc_column][vc_empty_space][\/vc_column][\/vc_row][vc_row full_width=&#8220;stretch_row&#8220; css=&#8220;.vc_custom_1704890130441{margin-top: 10px !important;padding-top:...\" \/>\n<meta property=\"og:url\" content=\"https:\/\/www.jesolohistory.it\/de\/die-mosaiken-jesolos\/\" \/>\n<meta property=\"og:site_name\" content=\"Jesolo History\" \/>\n<meta property=\"article:modified_time\" content=\"2024-01-10T12:35:38+00:00\" \/>\n<meta name=\"twitter:card\" content=\"summary_large_image\" \/>\n<meta name=\"twitter:label1\" content=\"Gesch\u00e4tzte Lesezeit\" \/>\n\t<meta name=\"twitter:data1\" content=\"3\u00a0Minuten\" \/>\n<script type=\"application\/ld+json\" class=\"yoast-schema-graph\">{\"@context\":\"https:\/\/schema.org\",\"@graph\":[{\"@type\":\"WebPage\",\"@id\":\"https:\/\/www.jesolohistory.it\/de\/die-mosaiken-jesolos\/\",\"url\":\"https:\/\/www.jesolohistory.it\/de\/die-mosaiken-jesolos\/\",\"name\":\"Die mosaiken Jesolos | Jesolo History\",\"isPartOf\":{\"@id\":\"https:\/\/www.jesolohistory.it\/de\/#website\"},\"datePublished\":\"2020-02-06T19:43:55+00:00\",\"dateModified\":\"2024-01-10T12:35:38+00:00\",\"breadcrumb\":{\"@id\":\"https:\/\/www.jesolohistory.it\/de\/die-mosaiken-jesolos\/#breadcrumb\"},\"inLanguage\":\"de\",\"potentialAction\":[{\"@type\":\"ReadAction\",\"target\":[\"https:\/\/www.jesolohistory.it\/de\/die-mosaiken-jesolos\/\"]}]},{\"@type\":\"BreadcrumbList\",\"@id\":\"https:\/\/www.jesolohistory.it\/de\/die-mosaiken-jesolos\/#breadcrumb\",\"itemListElement\":[{\"@type\":\"ListItem\",\"position\":1,\"name\":\"Home\",\"item\":\"https:\/\/www.jesolohistory.it\/de\/\"},{\"@type\":\"ListItem\",\"position\":2,\"name\":\"Die mosaiken Jesolos\"}]},{\"@type\":\"WebSite\",\"@id\":\"https:\/\/www.jesolohistory.it\/de\/#website\",\"url\":\"https:\/\/www.jesolohistory.it\/de\/\",\"name\":\"Jesolo History\",\"description\":\"\",\"publisher\":{\"@id\":\"https:\/\/www.jesolohistory.it\/de\/#organization\"},\"potentialAction\":[{\"@type\":\"SearchAction\",\"target\":{\"@type\":\"EntryPoint\",\"urlTemplate\":\"https:\/\/www.jesolohistory.it\/de\/?s={search_term_string}\"},\"query-input\":{\"@type\":\"PropertyValueSpecification\",\"valueRequired\":true,\"valueName\":\"search_term_string\"}}],\"inLanguage\":\"de\"},{\"@type\":\"Organization\",\"@id\":\"https:\/\/www.jesolohistory.it\/de\/#organization\",\"name\":\"Jesolo History\",\"url\":\"https:\/\/www.jesolohistory.it\/de\/\",\"logo\":{\"@type\":\"ImageObject\",\"inLanguage\":\"de\",\"@id\":\"https:\/\/www.jesolohistory.it\/de\/#\/schema\/logo\/image\/\",\"url\":\"https:\/\/www.jesolohistory.it\/wp-content\/uploads\/2020\/02\/logo-jesolo-history-1.png\",\"contentUrl\":\"https:\/\/www.jesolohistory.it\/wp-content\/uploads\/2020\/02\/logo-jesolo-history-1.png\",\"width\":674,\"height\":318,\"caption\":\"Jesolo History\"},\"image\":{\"@id\":\"https:\/\/www.jesolohistory.it\/de\/#\/schema\/logo\/image\/\"}}]}<\/script>\n<!-- \/ Yoast SEO plugin. -->","yoast_head_json":{"title":"Die mosaiken Jesolos | Jesolo History","robots":{"index":"index","follow":"follow","max-snippet":"max-snippet:-1","max-image-preview":"max-image-preview:large","max-video-preview":"max-video-preview:-1"},"canonical":"https:\/\/www.jesolohistory.it\/de\/die-mosaiken-jesolos\/","og_locale":"de_DE","og_type":"article","og_title":"Die mosaiken Jesolos | Jesolo History","og_description":"[vc_row full_width=&#8220;stretch_row_content_no_spaces&#8220; full_height=&#8220;yes&#8220; content_placement=&#8220;middle&#8220; css=&#8220;.vc_custom_1704890135592{padding-top: 120px !important;background: #f5b382 url(https:\/\/www.jesolohistory.it\/wp-content\/uploads\/2020\/02\/i-mosaici-di-jesolo-1.jpg?id=558) !important;}&#8220;][vc_column][vc_empty_space][\/vc_column][\/vc_row][vc_row full_width=&#8220;stretch_row&#8220; css=&#8220;.vc_custom_1704890130441{margin-top: 10px !important;padding-top:...","og_url":"https:\/\/www.jesolohistory.it\/de\/die-mosaiken-jesolos\/","og_site_name":"Jesolo History","article_modified_time":"2024-01-10T12:35:38+00:00","twitter_card":"summary_large_image","twitter_misc":{"Gesch\u00e4tzte Lesezeit":"3\u00a0Minuten"},"schema":{"@context":"https:\/\/schema.org","@graph":[{"@type":"WebPage","@id":"https:\/\/www.jesolohistory.it\/de\/die-mosaiken-jesolos\/","url":"https:\/\/www.jesolohistory.it\/de\/die-mosaiken-jesolos\/","name":"Die mosaiken Jesolos | Jesolo History","isPartOf":{"@id":"https:\/\/www.jesolohistory.it\/de\/#website"},"datePublished":"2020-02-06T19:43:55+00:00","dateModified":"2024-01-10T12:35:38+00:00","breadcrumb":{"@id":"https:\/\/www.jesolohistory.it\/de\/die-mosaiken-jesolos\/#breadcrumb"},"inLanguage":"de","potentialAction":[{"@type":"ReadAction","target":["https:\/\/www.jesolohistory.it\/de\/die-mosaiken-jesolos\/"]}]},{"@type":"BreadcrumbList","@id":"https:\/\/www.jesolohistory.it\/de\/die-mosaiken-jesolos\/#breadcrumb","itemListElement":[{"@type":"ListItem","position":1,"name":"Home","item":"https:\/\/www.jesolohistory.it\/de\/"},{"@type":"ListItem","position":2,"name":"Die mosaiken Jesolos"}]},{"@type":"WebSite","@id":"https:\/\/www.jesolohistory.it\/de\/#website","url":"https:\/\/www.jesolohistory.it\/de\/","name":"Jesolo History","description":"","publisher":{"@id":"https:\/\/www.jesolohistory.it\/de\/#organization"},"potentialAction":[{"@type":"SearchAction","target":{"@type":"EntryPoint","urlTemplate":"https:\/\/www.jesolohistory.it\/de\/?s={search_term_string}"},"query-input":{"@type":"PropertyValueSpecification","valueRequired":true,"valueName":"search_term_string"}}],"inLanguage":"de"},{"@type":"Organization","@id":"https:\/\/www.jesolohistory.it\/de\/#organization","name":"Jesolo History","url":"https:\/\/www.jesolohistory.it\/de\/","logo":{"@type":"ImageObject","inLanguage":"de","@id":"https:\/\/www.jesolohistory.it\/de\/#\/schema\/logo\/image\/","url":"https:\/\/www.jesolohistory.it\/wp-content\/uploads\/2020\/02\/logo-jesolo-history-1.png","contentUrl":"https:\/\/www.jesolohistory.it\/wp-content\/uploads\/2020\/02\/logo-jesolo-history-1.png","width":674,"height":318,"caption":"Jesolo History"},"image":{"@id":"https:\/\/www.jesolohistory.it\/de\/#\/schema\/logo\/image\/"}}]}},"_links":{"self":[{"href":"https:\/\/www.jesolohistory.it\/de\/wp-json\/wp\/v2\/pages\/3063","targetHints":{"allow":["GET"]}}],"collection":[{"href":"https:\/\/www.jesolohistory.it\/de\/wp-json\/wp\/v2\/pages"}],"about":[{"href":"https:\/\/www.jesolohistory.it\/de\/wp-json\/wp\/v2\/types\/page"}],"author":[{"embeddable":true,"href":"https:\/\/www.jesolohistory.it\/de\/wp-json\/wp\/v2\/users\/1"}],"replies":[{"embeddable":true,"href":"https:\/\/www.jesolohistory.it\/de\/wp-json\/wp\/v2\/comments?post=3063"}],"version-history":[{"count":9,"href":"https:\/\/www.jesolohistory.it\/de\/wp-json\/wp\/v2\/pages\/3063\/revisions"}],"predecessor-version":[{"id":5200,"href":"https:\/\/www.jesolohistory.it\/de\/wp-json\/wp\/v2\/pages\/3063\/revisions\/5200"}],"wp:attachment":[{"href":"https:\/\/www.jesolohistory.it\/de\/wp-json\/wp\/v2\/media?parent=3063"}],"curies":[{"name":"wp","href":"https:\/\/api.w.org\/{rel}","templated":true}]}}