{"id":3092,"date":"2020-02-06T20:44:52","date_gmt":"2020-02-06T19:44:52","guid":{"rendered":"https:\/\/www.jesolohistory.it\/visite-guidate-didattiche\/"},"modified":"2024-01-09T21:23:22","modified_gmt":"2024-01-09T20:23:22","slug":"fuehrungen-zu-bildungszwecken","status":"publish","type":"page","link":"https:\/\/www.jesolohistory.it\/de\/fuehrungen-zu-bildungszwecken\/","title":{"rendered":"F\u00fchrungen zu bildungszwecken"},"content":{"rendered":"<div class=\"wpb-content-wrapper\">[vc_row full_width=&#8220;stretch_row_content_no_spaces&#8220; full_height=&#8220;yes&#8220; content_placement=&#8220;middle&#8220; css=&#8220;.vc_custom_1704831753439{padding-top: 120px !important;background: #f5b382 url(https:\/\/www.jesolohistory.it\/wp-content\/uploads\/2020\/02\/visite-guidate-1.jpg?id=641) !important;background-position: center !important;background-repeat: no-repeat !important;background-size: cover !important;}&#8220;][vc_column]<div class=\"norebro-heading-sc heading text-center\"\n\tid=\"norebro-custom-69e4b47e004b4\" \n\t \n\t>\n\t\n\t\n\t\n\t<h2 class=\"title\">\n\t\tF\u00dcHRUNGEN ZU <br>\nBILDUNGSZWECKEN\t<\/h2>\n\n\t\n\t\t\n<\/div>[vc_empty_space]<div class=\"norebro-button-sc btn-wrap text-center\" \n\tid=\"norebro-custom-69e4b47e00918\"\n\t \n\t>\n\n\t<a href=\"https:\/\/www.jesolohistory.it\/de\/besichtigungen-zu-lehrzwecken\/\" target=\"_blank\" \n\t\tclass=\"btn  btn-huge\">\n\n\t\t\n\t\t\n\t\t<span class=\"text\">\n\t\t\tSchau das video\t\t<\/span>\n\n\t\t\n\t\t\n\t\t\t<\/a>\n\n<\/div>[\/vc_column][\/vc_row][vc_row gap=&#8220;25&#8243; content_placement=&#8220;top&#8220; css=&#8220;.vc_custom_1586441995954{margin-top: 20px !important;margin-bottom: 20px !important;}&#8220;][vc_column width=&#8220;1\/3&#8243; css=&#8220;.vc_custom_1704831758893{padding-right: 0px !important;padding-bottom: 10px !important;padding-left: 0px !important;background-color: #f5b382 !important;}&#8220; el_class=&#8220;video-preview&#8220;][vc_single_image image=&#8220;605&#8243; img_size=&#8220;full&#8220; alignment=&#8220;center&#8220; onclick=&#8220;custom_link&#8220; link=&#8220;https:\/\/www.jesolohistory.it\/de\/romina-franchin\/&#8220;][vc_empty_space height=&#8220;15px&#8220;]<div class=\"norebro-heading-sc heading text-center\"\n\tid=\"norebro-custom-69e4b47e00bdd\" \n\t \n\t>\n\t\n\t\n\t\n\t<h3 class=\"title\">\n\t\tRomina Franchin\t<\/h3>\n\n\t\n\t\t\t<p class=\"subtitle\">\n\t\t\tVerantwortliche und Referentin f\u00fcr Kultur und die Bibliothek der Stadt Jesolo\t\t<\/p>\n\t\t\n<\/div>[\/vc_column][vc_column width=&#8220;2\/3&#8243; css=&#8220;.vc_custom_1704831764869{padding-right: 20px !important;padding-bottom: 10px !important;padding-left: 20px !important;background-color: #f5b382 !important;}&#8220; el_class=&#8220;info-text&#8220;][vc_custom_heading text=&#8220;BESICHTIGUNGEN GEF\u00dcHRTE BESICHTIGUNGEN F\u00dcR EINHEIMISCHE, TOURISTEN UND SCH\u00dcLERSCHAFTEN&#8220; font_container=&#8220;tag:h2|font_size:48px|text_align:center|color:%23e78337&#8243; google_fonts=&#8220;font_family:Montserrat%3Aregular%2C700|font_style:700%20bold%20regular%3A700%3Anormal&#8220; el_class=&#8220;nome-siti&#8220;][vc_column_text el_class=&#8220;info-text&#8220;]In Verbindung mit den Feldforschungen organisieren die Arch\u00e4ologen der Universit\u00e4t Ca&#8216; Foscari allj\u00e4hrlich kostenlose Besichtigungen der Ausgrabungsbereiche: Bildungsbesuche f\u00fcr die \u00f6rtlichen Schulen und gef\u00fchrte Besichtigungen f\u00fcr Einheimische und Touristen. <strong>Eine einzigartige Gelegenheit, um die Entwicklung und den Fortschritt der Forschungst\u00e4tigkeiten, sowie die einzelnen Entdeckungen und Funde, die das kulturelle Erbe Jesolos bereichern, \u201elive\u201c mitzuerleben.<\/strong> Die Besichtigungen sind kostenlos und w\u00f6chentlich.<\/p>\n<p><strong>Besuchen Sie die Website der Bibliothek der Gemeinde Jesolo, um auf dem neuesten Stand zu bleiben.<\/strong>[\/vc_column_text][vc_column_text css=&#8220;.vc_custom_1594914285354{padding-top: 50px !important;}&#8220;]\n<p style=\"text-align: center;\"><strong>F\u00dcR INFORMATIONEN<\/strong><br \/>\nBiblioteca Civica<br \/>\ntel. 0421 359145<br \/>\n<a href=\"mailto:serviziculturali@comune.jesolo.ve.it\">serviziculturali@comune.jesolo.ve.it<\/a><\/p>\n[\/vc_column_text][\/vc_column][\/vc_row]\n<\/div>","protected":false},"excerpt":{"rendered":"<p>[vc_row full_width=&#8220;stretch_row_content_no_spaces&#8220; full_height=&#8220;yes&#8220; content_placement=&#8220;middle&#8220; css=&#8220;.vc_custom_1704831753439{padding-top: 120px !important;background: #f5b382 url(https:\/\/www.jesolohistory.it\/wp-content\/uploads\/2020\/02\/visite-guidate-1.jpg?id=641) !important;background-position: center !important;background-repeat: no-repeat !important;background-size:&#8230;<\/p>\n","protected":false},"author":1,"featured_media":0,"parent":0,"menu_order":0,"comment_status":"closed","ping_status":"closed","template":"","meta":{"_acf_changed":false,"footnotes":"","_links_to":"","_links_to_target":""},"class_list":["post-3092","page","type-page","status-publish","hentry"],"acf":[],"yoast_head":"<!-- This site is optimized with the Yoast SEO plugin v24.0 - https:\/\/yoast.com\/wordpress\/plugins\/seo\/ -->\n<title>F\u00fchrungen zu bildungszwecken | Jesolo History<\/title>\n<meta name=\"robots\" content=\"index, follow, max-snippet:-1, max-image-preview:large, max-video-preview:-1\" \/>\n<link rel=\"canonical\" href=\"https:\/\/www.jesolohistory.it\/de\/fuehrungen-zu-bildungszwecken\/\" \/>\n<meta property=\"og:locale\" content=\"de_DE\" \/>\n<meta property=\"og:type\" content=\"article\" \/>\n<meta property=\"og:title\" content=\"F\u00fchrungen zu bildungszwecken | Jesolo History\" \/>\n<meta property=\"og:description\" content=\"[vc_row full_width=&#8220;stretch_row_content_no_spaces&#8220; full_height=&#8220;yes&#8220; content_placement=&#8220;middle&#8220; css=&#8220;.vc_custom_1704831753439{padding-top: 120px !important;background: #f5b382 url(https:\/\/www.jesolohistory.it\/wp-content\/uploads\/2020\/02\/visite-guidate-1.jpg?id=641) !important;background-position: center !important;background-repeat: no-repeat !important;background-size:...\" \/>\n<meta property=\"og:url\" content=\"https:\/\/www.jesolohistory.it\/de\/fuehrungen-zu-bildungszwecken\/\" \/>\n<meta property=\"og:site_name\" content=\"Jesolo History\" \/>\n<meta property=\"article:modified_time\" content=\"2024-01-09T20:23:22+00:00\" \/>\n<meta name=\"twitter:card\" content=\"summary_large_image\" \/>\n<meta name=\"twitter:label1\" content=\"Gesch\u00e4tzte Lesezeit\" \/>\n\t<meta name=\"twitter:data1\" content=\"2\u00a0Minuten\" \/>\n<script type=\"application\/ld+json\" class=\"yoast-schema-graph\">{\"@context\":\"https:\/\/schema.org\",\"@graph\":[{\"@type\":\"WebPage\",\"@id\":\"https:\/\/www.jesolohistory.it\/de\/fuehrungen-zu-bildungszwecken\/\",\"url\":\"https:\/\/www.jesolohistory.it\/de\/fuehrungen-zu-bildungszwecken\/\",\"name\":\"F\u00fchrungen zu bildungszwecken | Jesolo History\",\"isPartOf\":{\"@id\":\"https:\/\/www.jesolohistory.it\/de\/#website\"},\"datePublished\":\"2020-02-06T19:44:52+00:00\",\"dateModified\":\"2024-01-09T20:23:22+00:00\",\"breadcrumb\":{\"@id\":\"https:\/\/www.jesolohistory.it\/de\/fuehrungen-zu-bildungszwecken\/#breadcrumb\"},\"inLanguage\":\"de\",\"potentialAction\":[{\"@type\":\"ReadAction\",\"target\":[\"https:\/\/www.jesolohistory.it\/de\/fuehrungen-zu-bildungszwecken\/\"]}]},{\"@type\":\"BreadcrumbList\",\"@id\":\"https:\/\/www.jesolohistory.it\/de\/fuehrungen-zu-bildungszwecken\/#breadcrumb\",\"itemListElement\":[{\"@type\":\"ListItem\",\"position\":1,\"name\":\"Home\",\"item\":\"https:\/\/www.jesolohistory.it\/de\/\"},{\"@type\":\"ListItem\",\"position\":2,\"name\":\"F\u00fchrungen zu bildungszwecken\"}]},{\"@type\":\"WebSite\",\"@id\":\"https:\/\/www.jesolohistory.it\/de\/#website\",\"url\":\"https:\/\/www.jesolohistory.it\/de\/\",\"name\":\"Jesolo History\",\"description\":\"\",\"publisher\":{\"@id\":\"https:\/\/www.jesolohistory.it\/de\/#organization\"},\"potentialAction\":[{\"@type\":\"SearchAction\",\"target\":{\"@type\":\"EntryPoint\",\"urlTemplate\":\"https:\/\/www.jesolohistory.it\/de\/?s={search_term_string}\"},\"query-input\":{\"@type\":\"PropertyValueSpecification\",\"valueRequired\":true,\"valueName\":\"search_term_string\"}}],\"inLanguage\":\"de\"},{\"@type\":\"Organization\",\"@id\":\"https:\/\/www.jesolohistory.it\/de\/#organization\",\"name\":\"Jesolo History\",\"url\":\"https:\/\/www.jesolohistory.it\/de\/\",\"logo\":{\"@type\":\"ImageObject\",\"inLanguage\":\"de\",\"@id\":\"https:\/\/www.jesolohistory.it\/de\/#\/schema\/logo\/image\/\",\"url\":\"https:\/\/www.jesolohistory.it\/wp-content\/uploads\/2020\/02\/logo-jesolo-history-1.png\",\"contentUrl\":\"https:\/\/www.jesolohistory.it\/wp-content\/uploads\/2020\/02\/logo-jesolo-history-1.png\",\"width\":674,\"height\":318,\"caption\":\"Jesolo History\"},\"image\":{\"@id\":\"https:\/\/www.jesolohistory.it\/de\/#\/schema\/logo\/image\/\"}}]}<\/script>\n<!-- \/ Yoast SEO plugin. -->","yoast_head_json":{"title":"F\u00fchrungen zu bildungszwecken | Jesolo History","robots":{"index":"index","follow":"follow","max-snippet":"max-snippet:-1","max-image-preview":"max-image-preview:large","max-video-preview":"max-video-preview:-1"},"canonical":"https:\/\/www.jesolohistory.it\/de\/fuehrungen-zu-bildungszwecken\/","og_locale":"de_DE","og_type":"article","og_title":"F\u00fchrungen zu bildungszwecken | Jesolo History","og_description":"[vc_row full_width=&#8220;stretch_row_content_no_spaces&#8220; full_height=&#8220;yes&#8220; content_placement=&#8220;middle&#8220; css=&#8220;.vc_custom_1704831753439{padding-top: 120px !important;background: #f5b382 url(https:\/\/www.jesolohistory.it\/wp-content\/uploads\/2020\/02\/visite-guidate-1.jpg?id=641) !important;background-position: center !important;background-repeat: no-repeat !important;background-size:...","og_url":"https:\/\/www.jesolohistory.it\/de\/fuehrungen-zu-bildungszwecken\/","og_site_name":"Jesolo History","article_modified_time":"2024-01-09T20:23:22+00:00","twitter_card":"summary_large_image","twitter_misc":{"Gesch\u00e4tzte Lesezeit":"2\u00a0Minuten"},"schema":{"@context":"https:\/\/schema.org","@graph":[{"@type":"WebPage","@id":"https:\/\/www.jesolohistory.it\/de\/fuehrungen-zu-bildungszwecken\/","url":"https:\/\/www.jesolohistory.it\/de\/fuehrungen-zu-bildungszwecken\/","name":"F\u00fchrungen zu bildungszwecken | Jesolo History","isPartOf":{"@id":"https:\/\/www.jesolohistory.it\/de\/#website"},"datePublished":"2020-02-06T19:44:52+00:00","dateModified":"2024-01-09T20:23:22+00:00","breadcrumb":{"@id":"https:\/\/www.jesolohistory.it\/de\/fuehrungen-zu-bildungszwecken\/#breadcrumb"},"inLanguage":"de","potentialAction":[{"@type":"ReadAction","target":["https:\/\/www.jesolohistory.it\/de\/fuehrungen-zu-bildungszwecken\/"]}]},{"@type":"BreadcrumbList","@id":"https:\/\/www.jesolohistory.it\/de\/fuehrungen-zu-bildungszwecken\/#breadcrumb","itemListElement":[{"@type":"ListItem","position":1,"name":"Home","item":"https:\/\/www.jesolohistory.it\/de\/"},{"@type":"ListItem","position":2,"name":"F\u00fchrungen zu bildungszwecken"}]},{"@type":"WebSite","@id":"https:\/\/www.jesolohistory.it\/de\/#website","url":"https:\/\/www.jesolohistory.it\/de\/","name":"Jesolo History","description":"","publisher":{"@id":"https:\/\/www.jesolohistory.it\/de\/#organization"},"potentialAction":[{"@type":"SearchAction","target":{"@type":"EntryPoint","urlTemplate":"https:\/\/www.jesolohistory.it\/de\/?s={search_term_string}"},"query-input":{"@type":"PropertyValueSpecification","valueRequired":true,"valueName":"search_term_string"}}],"inLanguage":"de"},{"@type":"Organization","@id":"https:\/\/www.jesolohistory.it\/de\/#organization","name":"Jesolo History","url":"https:\/\/www.jesolohistory.it\/de\/","logo":{"@type":"ImageObject","inLanguage":"de","@id":"https:\/\/www.jesolohistory.it\/de\/#\/schema\/logo\/image\/","url":"https:\/\/www.jesolohistory.it\/wp-content\/uploads\/2020\/02\/logo-jesolo-history-1.png","contentUrl":"https:\/\/www.jesolohistory.it\/wp-content\/uploads\/2020\/02\/logo-jesolo-history-1.png","width":674,"height":318,"caption":"Jesolo History"},"image":{"@id":"https:\/\/www.jesolohistory.it\/de\/#\/schema\/logo\/image\/"}}]}},"_links":{"self":[{"href":"https:\/\/www.jesolohistory.it\/de\/wp-json\/wp\/v2\/pages\/3092","targetHints":{"allow":["GET"]}}],"collection":[{"href":"https:\/\/www.jesolohistory.it\/de\/wp-json\/wp\/v2\/pages"}],"about":[{"href":"https:\/\/www.jesolohistory.it\/de\/wp-json\/wp\/v2\/types\/page"}],"author":[{"embeddable":true,"href":"https:\/\/www.jesolohistory.it\/de\/wp-json\/wp\/v2\/users\/1"}],"replies":[{"embeddable":true,"href":"https:\/\/www.jesolohistory.it\/de\/wp-json\/wp\/v2\/comments?post=3092"}],"version-history":[{"count":8,"href":"https:\/\/www.jesolohistory.it\/de\/wp-json\/wp\/v2\/pages\/3092\/revisions"}],"predecessor-version":[{"id":5168,"href":"https:\/\/www.jesolohistory.it\/de\/wp-json\/wp\/v2\/pages\/3092\/revisions\/5168"}],"wp:attachment":[{"href":"https:\/\/www.jesolohistory.it\/de\/wp-json\/wp\/v2\/media?parent=3092"}],"curies":[{"name":"wp","href":"https:\/\/api.w.org\/{rel}","templated":true}]}}