{"id":2936,"date":"2020-02-06T20:44:06","date_gmt":"2020-02-06T19:44:06","guid":{"rendered":"https:\/\/www.jesolohistory.it\/video-gallery\/"},"modified":"2024-12-03T17:37:11","modified_gmt":"2024-12-03T16:37:11","slug":"video-gallery","status":"publish","type":"page","link":"https:\/\/www.jesolohistory.it\/fr\/video-gallery\/","title":{"rendered":"Video gallery"},"content":{"rendered":"<div class=\"wpb-content-wrapper\">[vc_row full_width=\u00a0\u00bbstretch_row_content_no_spaces\u00a0\u00bb full_height=\u00a0\u00bbyes\u00a0\u00bb content_placement=\u00a0\u00bbmiddle\u00a0\u00bb css=\u00a0\u00bb.vc_custom_1583918404753{padding-top: 80px !important;background: #f8e9e2 url(https:\/\/www.jesolohistory.it\/wp-content\/uploads\/2020\/02\/i-mosaici.jpg?id=716) !important;background-position: center !important;background-repeat: no-repeat !important;background-size: cover !important;}\u00a0\u00bb][vc_column]<div class=\"norebro-heading-sc heading text-center\"\n\tid=\"norebro-custom-69e4b3d30487e\" \n\t \n\t>\n\t\n\t\n\t\n\t<h2 class=\"title\">\n\t\tANTICHE<br>\nMURA\t<\/h2>\n\n\t\n\t\t\t<p class=\"subtitle\">\n\t\t\t- UN PASS\u00c9 \u00c0 D\u00c9COUVRIR -\t\t<\/p>\n\t\t\n<\/div>[vc_empty_space]<div class=\"norebro-button-sc btn-wrap text-center\" \n\tid=\"norebro-custom-69e4b3d304a5a\"\n\t \n\t>\n\n\t<a href=\"https:\/\/www.jesolohistory.it\/fr\/jesolo-history\/\" \n\t\tclass=\"btn  btn-huge\">\n\n\t\t\n\t\t\n\t\t<span class=\"text\">\n\t\t\tRegardez la vid\u00e9o\t\t<\/span>\n\n\t\t\n\t\t\n\t\t\t<\/a>\n\n<\/div>[\/vc_column][\/vc_row][vc_row css=\u00a0\u00bb.vc_custom_1582814511500{padding-top: 50px !important;}\u00a0\u00bb][vc_column][vc_basic_grid post_type=\u00a0\u00bbpost\u00a0\u00bb max_items=\u00a0\u00bb-1&Prime; order=\u00a0\u00bbASC\u00a0\u00bb item=\u00a0\u00bb4412&Prime; grid_id=\u00a0\u00bbvc_gid:1733243811735-3967c228-5fa5-1&Prime; taxonomies=\u00a0\u00bb6&Prime;][\/vc_column][\/vc_row][vc_row css=\u00a0\u00bb.vc_custom_1583918826438{padding-top: 30px !important;}\u00a0\u00bb][vc_column][vc_custom_heading text=\u00a0\u00bbLE SITE DE SAN MAURO\u00a0\u00bb font_container=\u00a0\u00bbtag:h2|font_size:48px|text_align:center|color:%23e78337&Prime; google_fonts=\u00a0\u00bbfont_family:Montserrat%3Aregular%2C700|font_style:700%20bold%20regular%3A700%3Anormal\u00a0\u00bb el_class=\u00a0\u00bbnome-siti\u00a0\u00bb][\/vc_column][\/vc_row][vc_row css=\u00a0\u00bb.vc_custom_1583918833942{padding-top: 30px !important;}\u00a0\u00bb][vc_column][vc_basic_grid post_type=\u00a0\u00bbpost\u00a0\u00bb max_items=\u00a0\u00bb-1&Prime; order=\u00a0\u00bbASC\u00a0\u00bb item=\u00a0\u00bb5633&Prime; css=\u00a0\u00bb.vc_custom_1733243826956{padding-bottom: 20px !important;}\u00a0\u00bb grid_id=\u00a0\u00bbvc_gid:1733243811736-16fb95ad-3104-1&Prime; taxonomies=\u00a0\u00bb79&Prime;][vc_basic_grid post_type=\u00a0\u00bbpost\u00a0\u00bb max_items=\u00a0\u00bb-1&Prime; order=\u00a0\u00bbASC\u00a0\u00bb item=\u00a0\u00bb5217&Prime; css=\u00a0\u00bb.vc_custom_1704902916456{padding-bottom: 20px !important;}\u00a0\u00bb grid_id=\u00a0\u00bbvc_gid:1733243815390-bd9d0619-a3a0-1&Prime; taxonomies=\u00a0\u00bb72&Prime;][vc_basic_grid post_type=\u00a0\u00bbpost\u00a0\u00bb max_items=\u00a0\u00bb-1&Prime; order=\u00a0\u00bbASC\u00a0\u00bb item=\u00a0\u00bb4705&Prime; css=\u00a0\u00bb.vc_custom_1669833192679{padding-bottom: 20px !important;}\u00a0\u00bb grid_id=\u00a0\u00bbvc_gid:1733243811736-d34ab796-4e2e-9&Prime; taxonomies=\u00a0\u00bb68&Prime;][vc_basic_grid post_type=\u00a0\u00bbpost\u00a0\u00bb max_items=\u00a0\u00bb-1&Prime; order=\u00a0\u00bbASC\u00a0\u00bb item=\u00a0\u00bb4411&Prime; css=\u00a0\u00bb.vc_custom_1644507268626{padding-bottom: 20px !important;}\u00a0\u00bb grid_id=\u00a0\u00bbvc_gid:1733243811737-a9f8b34e-0f49-5&Prime; taxonomies=\u00a0\u00bb62&Prime;][vc_basic_grid post_type=\u00a0\u00bbpost\u00a0\u00bb max_items=\u00a0\u00bb-1&Prime; order=\u00a0\u00bbASC\u00a0\u00bb item=\u00a0\u00bb734&Prime; grid_id=\u00a0\u00bbvc_gid:1733243811737-ef18ce1b-063c-3&Prime; taxonomies=\u00a0\u00bb7&Prime;][\/vc_column][\/vc_row][vc_row css=\u00a0\u00bb.vc_custom_1583918842508{padding-top: 30px !important;}\u00a0\u00bb][vc_column][vc_custom_heading text=\u00a0\u00bbLES 3 \u00c9GLISES ET LA N\u00c9CROPOLE\u00a0\u00bb font_container=\u00a0\u00bbtag:h2|font_size:48px|text_align:center|color:%23e78337&Prime; google_fonts=\u00a0\u00bbfont_family:Montserrat%3Aregular%2C700|font_style:700%20bold%20regular%3A700%3Anormal\u00a0\u00bb el_class=\u00a0\u00bbnome-siti\u00a0\u00bb][\/vc_column][\/vc_row][vc_row css=\u00a0\u00bb.vc_custom_1583918849787{padding-top: 30px !important;}\u00a0\u00bb][vc_column][vc_basic_grid post_type=\u00a0\u00bbpost\u00a0\u00bb max_items=\u00a0\u00bb-1&Prime; order=\u00a0\u00bbASC\u00a0\u00bb item=\u00a0\u00bb734&Prime; grid_id=\u00a0\u00bbvc_gid:1733243811738-94310250-e7d7-3&Prime; taxonomies=\u00a0\u00bb8&Prime;][\/vc_column][\/vc_row][vc_row css=\u00a0\u00bb.vc_custom_1583918856350{padding-top: 30px !important;}\u00a0\u00bb][vc_column][vc_custom_heading text=\u00a0\u00bbLA MANSIO\u00a0\u00bb font_container=\u00a0\u00bbtag:h2|font_size:48px|text_align:center|color:%23e78337&Prime; google_fonts=\u00a0\u00bbfont_family:Montserrat%3Aregular%2C700|font_style:700%20bold%20regular%3A700%3Anormal\u00a0\u00bb el_class=\u00a0\u00bbnome-siti\u00a0\u00bb][\/vc_column][\/vc_row][vc_row css=\u00a0\u00bb.vc_custom_1583918867229{padding-top: 30px !important;}\u00a0\u00bb][vc_column][vc_basic_grid post_type=\u00a0\u00bbpost\u00a0\u00bb max_items=\u00a0\u00bb-1&Prime; order=\u00a0\u00bbASC\u00a0\u00bb item=\u00a0\u00bb734&Prime; grid_id=\u00a0\u00bbvc_gid:1733243811738-d19eb1d7-7675-7&Prime; taxonomies=\u00a0\u00bb9&Prime;][\/vc_column][\/vc_row][vc_row css=\u00a0\u00bb.vc_custom_1583918882549{padding-top: 30px !important;}\u00a0\u00bb][vc_column][vc_custom_heading text=\u00a0\u00bbTORRE CALIGO\u00a0\u00bb font_container=\u00a0\u00bbtag:h2|font_size:48px|text_align:center|color:%23e78337&Prime; google_fonts=\u00a0\u00bbfont_family:Montserrat%3Aregular%2C700|font_style:700%20bold%20regular%3A700%3Anormal\u00a0\u00bb el_class=\u00a0\u00bbnome-siti\u00a0\u00bb][\/vc_column][\/vc_row][vc_row css=\u00a0\u00bb.vc_custom_1583918889780{margin-bottom: 50px !important;padding-top: 30px !important;}\u00a0\u00bb][vc_column][vc_basic_grid post_type=\u00a0\u00bbpost\u00a0\u00bb max_items=\u00a0\u00bb-1&Prime; order=\u00a0\u00bbASC\u00a0\u00bb item=\u00a0\u00bb734&Prime; grid_id=\u00a0\u00bbvc_gid:1733243811739-af97d3cf-c8b1-7&Prime; taxonomies=\u00a0\u00bb56&Prime;][\/vc_column][\/vc_row][vc_row css=\u00a0\u00bb.vc_custom_1583918882549{padding-top: 30px !important;}\u00a0\u00bb][vc_column][vc_custom_heading text=\u00a0\u00bbLES MOSA\u00cfQUES DE JESOLO\u00a0\u00bb font_container=\u00a0\u00bbtag:h2|font_size:48px|text_align:center|color:%23e78337&Prime; google_fonts=\u00a0\u00bbfont_family:Montserrat%3Aregular%2C700|font_style:700%20bold%20regular%3A700%3Anormal\u00a0\u00bb el_class=\u00a0\u00bbnome-siti\u00a0\u00bb][\/vc_column][\/vc_row][vc_row css=\u00a0\u00bb.vc_custom_1583918889780{margin-bottom: 50px !important;padding-top: 30px !important;}\u00a0\u00bb][vc_column][vc_basic_grid post_type=\u00a0\u00bbpost\u00a0\u00bb max_items=\u00a0\u00bb-1&Prime; order=\u00a0\u00bbASC\u00a0\u00bb item=\u00a0\u00bb734&Prime; grid_id=\u00a0\u00bbvc_gid:1733243811740-0a3e1e64-4d95-7&Prime; taxonomies=\u00a0\u00bb10&Prime;][\/vc_column][\/vc_row][vc_row css=\u00a0\u00bb.vc_custom_1583918882549{padding-top: 30px !important;}\u00a0\u00bb][vc_column][vc_custom_heading text=\u00a0\u00bbAUTRES VID\u00c9OS\u00a0\u00bb font_container=\u00a0\u00bbtag:h2|font_size:48px|text_align:center|color:%23e78337&Prime; google_fonts=\u00a0\u00bbfont_family:Montserrat%3Aregular%2C700|font_style:700%20bold%20regular%3A700%3Anormal\u00a0\u00bb el_class=\u00a0\u00bbnome-siti\u00a0\u00bb][\/vc_column][\/vc_row][vc_row css=\u00a0\u00bb.vc_custom_1583918889780{margin-bottom: 50px !important;padding-top: 30px !important;}\u00a0\u00bb][vc_column][vc_basic_grid post_type=\u00a0\u00bbpost\u00a0\u00bb max_items=\u00a0\u00bb-1&Prime; order=\u00a0\u00bbASC\u00a0\u00bb item=\u00a0\u00bb734&Prime; grid_id=\u00a0\u00bbvc_gid:1733243811741-e03da67f-d63f-0&Prime; taxonomies=\u00a0\u00bb11&Prime;][\/vc_column][\/vc_row]\n<\/div>","protected":false},"excerpt":{"rendered":"<p>[vc_row full_width=\u00a0\u00bbstretch_row_content_no_spaces\u00a0\u00bb full_height=\u00a0\u00bbyes\u00a0\u00bb content_placement=\u00a0\u00bbmiddle\u00a0\u00bb css=\u00a0\u00bb.vc_custom_1583918404753{padding-top: 80px !important;background: #f8e9e2 url(https:\/\/www.jesolohistory.it\/wp-content\/uploads\/2020\/02\/i-mosaici.jpg?id=716) !important;background-position: center !important;background-repeat: no-repeat !important;background-size:&#8230;<\/p>\n","protected":false},"author":1,"featured_media":0,"parent":0,"menu_order":0,"comment_status":"closed","ping_status":"closed","template":"","meta":{"_acf_changed":false,"footnotes":"","_links_to":"","_links_to_target":""},"class_list":["post-2936","page","type-page","status-publish","hentry"],"acf":[],"yoast_head":"<!-- This site is optimized with the Yoast SEO plugin v24.0 - https:\/\/yoast.com\/wordpress\/plugins\/seo\/ -->\n<title>Video gallery | Jesolo History<\/title>\n<meta name=\"robots\" content=\"index, follow, max-snippet:-1, max-image-preview:large, max-video-preview:-1\" \/>\n<link rel=\"canonical\" href=\"https:\/\/www.jesolohistory.it\/fr\/video-gallery\/\" \/>\n<meta property=\"og:locale\" content=\"fr_FR\" \/>\n<meta property=\"og:type\" content=\"article\" \/>\n<meta property=\"og:title\" content=\"Video gallery | Jesolo History\" \/>\n<meta property=\"og:description\" content=\"[vc_row full_width=\u00a0\u00bbstretch_row_content_no_spaces\u00a0\u00bb full_height=\u00a0\u00bbyes\u00a0\u00bb content_placement=\u00a0\u00bbmiddle\u00a0\u00bb css=\u00a0\u00bb.vc_custom_1583918404753{padding-top: 80px !important;background: #f8e9e2 url(https:\/\/www.jesolohistory.it\/wp-content\/uploads\/2020\/02\/i-mosaici.jpg?id=716) !important;background-position: center !important;background-repeat: no-repeat !important;background-size:...\" \/>\n<meta property=\"og:url\" content=\"https:\/\/www.jesolohistory.it\/fr\/video-gallery\/\" \/>\n<meta property=\"og:site_name\" content=\"Jesolo History\" \/>\n<meta property=\"article:modified_time\" content=\"2024-12-03T16:37:11+00:00\" \/>\n<meta name=\"twitter:card\" content=\"summary_large_image\" \/>\n<meta name=\"twitter:label1\" content=\"Dur\u00e9e de lecture estim\u00e9e\" \/>\n\t<meta name=\"twitter:data1\" content=\"2 minutes\" \/>\n<script type=\"application\/ld+json\" class=\"yoast-schema-graph\">{\"@context\":\"https:\/\/schema.org\",\"@graph\":[{\"@type\":\"WebPage\",\"@id\":\"https:\/\/www.jesolohistory.it\/fr\/video-gallery\/\",\"url\":\"https:\/\/www.jesolohistory.it\/fr\/video-gallery\/\",\"name\":\"Video gallery | Jesolo History\",\"isPartOf\":{\"@id\":\"https:\/\/www.jesolohistory.it\/fr\/#website\"},\"datePublished\":\"2020-02-06T19:44:06+00:00\",\"dateModified\":\"2024-12-03T16:37:11+00:00\",\"breadcrumb\":{\"@id\":\"https:\/\/www.jesolohistory.it\/fr\/video-gallery\/#breadcrumb\"},\"inLanguage\":\"fr-FR\",\"potentialAction\":[{\"@type\":\"ReadAction\",\"target\":[\"https:\/\/www.jesolohistory.it\/fr\/video-gallery\/\"]}]},{\"@type\":\"BreadcrumbList\",\"@id\":\"https:\/\/www.jesolohistory.it\/fr\/video-gallery\/#breadcrumb\",\"itemListElement\":[{\"@type\":\"ListItem\",\"position\":1,\"name\":\"Home\",\"item\":\"https:\/\/www.jesolohistory.it\/fr\/\"},{\"@type\":\"ListItem\",\"position\":2,\"name\":\"Video gallery\"}]},{\"@type\":\"WebSite\",\"@id\":\"https:\/\/www.jesolohistory.it\/fr\/#website\",\"url\":\"https:\/\/www.jesolohistory.it\/fr\/\",\"name\":\"Jesolo History\",\"description\":\"\",\"publisher\":{\"@id\":\"https:\/\/www.jesolohistory.it\/fr\/#organization\"},\"potentialAction\":[{\"@type\":\"SearchAction\",\"target\":{\"@type\":\"EntryPoint\",\"urlTemplate\":\"https:\/\/www.jesolohistory.it\/fr\/?s={search_term_string}\"},\"query-input\":{\"@type\":\"PropertyValueSpecification\",\"valueRequired\":true,\"valueName\":\"search_term_string\"}}],\"inLanguage\":\"fr-FR\"},{\"@type\":\"Organization\",\"@id\":\"https:\/\/www.jesolohistory.it\/fr\/#organization\",\"name\":\"Jesolo History\",\"url\":\"https:\/\/www.jesolohistory.it\/fr\/\",\"logo\":{\"@type\":\"ImageObject\",\"inLanguage\":\"fr-FR\",\"@id\":\"https:\/\/www.jesolohistory.it\/fr\/#\/schema\/logo\/image\/\",\"url\":\"https:\/\/www.jesolohistory.it\/wp-content\/uploads\/2020\/02\/logo-jesolo-history-1.png\",\"contentUrl\":\"https:\/\/www.jesolohistory.it\/wp-content\/uploads\/2020\/02\/logo-jesolo-history-1.png\",\"width\":674,\"height\":318,\"caption\":\"Jesolo History\"},\"image\":{\"@id\":\"https:\/\/www.jesolohistory.it\/fr\/#\/schema\/logo\/image\/\"}}]}<\/script>\n<!-- \/ Yoast SEO plugin. -->","yoast_head_json":{"title":"Video gallery | Jesolo History","robots":{"index":"index","follow":"follow","max-snippet":"max-snippet:-1","max-image-preview":"max-image-preview:large","max-video-preview":"max-video-preview:-1"},"canonical":"https:\/\/www.jesolohistory.it\/fr\/video-gallery\/","og_locale":"fr_FR","og_type":"article","og_title":"Video gallery | Jesolo History","og_description":"[vc_row full_width=\u00a0\u00bbstretch_row_content_no_spaces\u00a0\u00bb full_height=\u00a0\u00bbyes\u00a0\u00bb content_placement=\u00a0\u00bbmiddle\u00a0\u00bb css=\u00a0\u00bb.vc_custom_1583918404753{padding-top: 80px !important;background: #f8e9e2 url(https:\/\/www.jesolohistory.it\/wp-content\/uploads\/2020\/02\/i-mosaici.jpg?id=716) !important;background-position: center !important;background-repeat: no-repeat !important;background-size:...","og_url":"https:\/\/www.jesolohistory.it\/fr\/video-gallery\/","og_site_name":"Jesolo History","article_modified_time":"2024-12-03T16:37:11+00:00","twitter_card":"summary_large_image","twitter_misc":{"Dur\u00e9e de lecture estim\u00e9e":"2 minutes"},"schema":{"@context":"https:\/\/schema.org","@graph":[{"@type":"WebPage","@id":"https:\/\/www.jesolohistory.it\/fr\/video-gallery\/","url":"https:\/\/www.jesolohistory.it\/fr\/video-gallery\/","name":"Video gallery | Jesolo History","isPartOf":{"@id":"https:\/\/www.jesolohistory.it\/fr\/#website"},"datePublished":"2020-02-06T19:44:06+00:00","dateModified":"2024-12-03T16:37:11+00:00","breadcrumb":{"@id":"https:\/\/www.jesolohistory.it\/fr\/video-gallery\/#breadcrumb"},"inLanguage":"fr-FR","potentialAction":[{"@type":"ReadAction","target":["https:\/\/www.jesolohistory.it\/fr\/video-gallery\/"]}]},{"@type":"BreadcrumbList","@id":"https:\/\/www.jesolohistory.it\/fr\/video-gallery\/#breadcrumb","itemListElement":[{"@type":"ListItem","position":1,"name":"Home","item":"https:\/\/www.jesolohistory.it\/fr\/"},{"@type":"ListItem","position":2,"name":"Video gallery"}]},{"@type":"WebSite","@id":"https:\/\/www.jesolohistory.it\/fr\/#website","url":"https:\/\/www.jesolohistory.it\/fr\/","name":"Jesolo History","description":"","publisher":{"@id":"https:\/\/www.jesolohistory.it\/fr\/#organization"},"potentialAction":[{"@type":"SearchAction","target":{"@type":"EntryPoint","urlTemplate":"https:\/\/www.jesolohistory.it\/fr\/?s={search_term_string}"},"query-input":{"@type":"PropertyValueSpecification","valueRequired":true,"valueName":"search_term_string"}}],"inLanguage":"fr-FR"},{"@type":"Organization","@id":"https:\/\/www.jesolohistory.it\/fr\/#organization","name":"Jesolo History","url":"https:\/\/www.jesolohistory.it\/fr\/","logo":{"@type":"ImageObject","inLanguage":"fr-FR","@id":"https:\/\/www.jesolohistory.it\/fr\/#\/schema\/logo\/image\/","url":"https:\/\/www.jesolohistory.it\/wp-content\/uploads\/2020\/02\/logo-jesolo-history-1.png","contentUrl":"https:\/\/www.jesolohistory.it\/wp-content\/uploads\/2020\/02\/logo-jesolo-history-1.png","width":674,"height":318,"caption":"Jesolo History"},"image":{"@id":"https:\/\/www.jesolohistory.it\/fr\/#\/schema\/logo\/image\/"}}]}},"_links":{"self":[{"href":"https:\/\/www.jesolohistory.it\/fr\/wp-json\/wp\/v2\/pages\/2936","targetHints":{"allow":["GET"]}}],"collection":[{"href":"https:\/\/www.jesolohistory.it\/fr\/wp-json\/wp\/v2\/pages"}],"about":[{"href":"https:\/\/www.jesolohistory.it\/fr\/wp-json\/wp\/v2\/types\/page"}],"author":[{"embeddable":true,"href":"https:\/\/www.jesolohistory.it\/fr\/wp-json\/wp\/v2\/users\/1"}],"replies":[{"embeddable":true,"href":"https:\/\/www.jesolohistory.it\/fr\/wp-json\/wp\/v2\/comments?post=2936"}],"version-history":[{"count":14,"href":"https:\/\/www.jesolohistory.it\/fr\/wp-json\/wp\/v2\/pages\/2936\/revisions"}],"predecessor-version":[{"id":5794,"href":"https:\/\/www.jesolohistory.it\/fr\/wp-json\/wp\/v2\/pages\/2936\/revisions\/5794"}],"wp:attachment":[{"href":"https:\/\/www.jesolohistory.it\/fr\/wp-json\/wp\/v2\/media?parent=2936"}],"curies":[{"name":"wp","href":"https:\/\/api.w.org\/{rel}","templated":true}]}}