{"id":3062,"date":"2020-02-06T20:43:55","date_gmt":"2020-02-06T19:43:55","guid":{"rendered":"https:\/\/www.jesolohistory.it\/the-mosaics-of-jesolo\/"},"modified":"2024-01-10T13:35:14","modified_gmt":"2024-01-10T12:35:14","slug":"les-mosaiques-de-jesolo","status":"publish","type":"page","link":"https:\/\/www.jesolohistory.it\/fr\/les-mosaiques-de-jesolo\/","title":{"rendered":"Les mosa\u00efques de Jesolo"},"content":{"rendered":"<div class=\"wpb-content-wrapper\">[vc_row full_width=\u00a0\u00bbstretch_row_content_no_spaces\u00a0\u00bb full_height=\u00a0\u00bbyes\u00a0\u00bb content_placement=\u00a0\u00bbmiddle\u00a0\u00bb css=\u00a0\u00bb.vc_custom_1704890094821{padding-top: 120px !important;background: #f5b382 url(https:\/\/www.jesolohistory.it\/wp-content\/uploads\/2020\/02\/i-mosaici-di-jesolo-1.jpg?id=558) !important;}\u00a0\u00bb][vc_column]<div class=\"norebro-heading-sc heading text-center\"\n\tid=\"norebro-custom-69e4b3d18f4f7\" \n\t \n\t>\n\t\n\t\n\t\n\t<h2 class=\"title\">\n\t\tLES MOSA\u00cfQUES<br>\nDE JESOLO\t<\/h2>\n\n\t\n\t\t\t<p class=\"subtitle\">\n\t\t\t\t\t<\/p>\n\t\t\n<\/div>[vc_empty_space]<div class=\"norebro-button-sc btn-wrap text-center\" \n\tid=\"norebro-custom-69e4b3d18f79b\"\n\t \n\t>\n\n\t<a href=\"https:\/\/www.jesolohistory.it\/fr\/les-mosaiques-de-jesolo-video-complete\/\" \n\t\tclass=\"btn  btn-huge\">\n\n\t\t\n\t\t\n\t\t<span class=\"text\">\n\t\t\tVoir la vid\u00e9o\t\t<\/span>\n\n\t\t\n\t\t\n\t\t\t<\/a>\n\n<\/div>[\/vc_column][\/vc_row][vc_row full_width=\u00a0\u00bbstretch_row\u00a0\u00bb css=\u00a0\u00bb.vc_custom_1704890100504{margin-top: 10px !important;padding-top: 50px !important;padding-bottom: 50px !important;background-color: #f5b382 !important;}\u00a0\u00bb][vc_column][vc_column_text el_class=\u00a0\u00bbinfo-text\u00a0\u00bb]<strong>LES MOSA\u00cfQUES PAL\u00c9OCHR\u00c9TIENNES DE JESOLO<\/strong><\/p>\n<p>En 1963 et 1985, les campagnes arch\u00e9ologiques promues par la Surintendance des antiquit\u00e9s de Venise et la Ville de Jesolo ont permis de d\u00e9couvrir, \u00e0 la hauteur de l&rsquo;angle nord-ouest de la cath\u00e9drale, les restes de deux \u00e9glises pr\u00e9existantes. La premi\u00e8re est rappel\u00e9e comme l\u2019 <strong>\u201c\u00e9glise des mosa\u00efques\u201d<\/strong>, car il s&rsquo;agissait d&rsquo;un b\u00e2timent \u00e0 plan basilical d&rsquo;environ 20 \u00d7 14 m\u00e8tres de large, avec trois absides semi-circulaires et un sol orn\u00e9 d&rsquo;un superbe tapis en mosa\u00efque polychrome, dat\u00e9 du VIe-VIIe si\u00e8cle apr\u00e8s JC.<br \/>\n<strong>Les fragments de mosa\u00efque r\u00e9cup\u00e9r\u00e9s<\/strong> montrent la pr\u00e9sence de carreaux aux d\u00e9corations g\u00e9om\u00e9triques et des cadres qui mettent en \u00e9vidence certains <strong>\u00e9pigraphes<\/strong> o\u00f9 sont indiqu\u00e9s les noms des financiers des importantes d\u00e9corations. Des exemples d&rsquo;\u00e9difices religieux orn\u00e9s de mosa\u00efques similaires \u00e0 celles de Jesolo peuvent \u00eatre trouv\u00e9s dans d&rsquo;autres endroits du nord de l\u2019Adriatique, comme \u00e0 Grado, Trieste et Porec.<br \/>\nLes fragments de mosa\u00efque ont \u00e9t\u00e9 arrach\u00e9s et restaur\u00e9s pour assurer une meilleure conservation et ils sont<strong> actuellement ouvert aux visiteurs<\/strong> dans la salle adjacente \u00e0 l&rsquo;Office de Promotion Touristique, Piazza Brescia 13, au Lido de Jesolo.[\/vc_column_text][\/vc_column][\/vc_row][vc_row full_width=\u00a0\u00bbstretch_row\u00a0\u00bb equal_height=\u00a0\u00bbyes\u00a0\u00bb css=\u00a0\u00bb.vc_custom_1704890106015{background-color: #f5b382 !important;}\u00a0\u00bb][vc_column width=\u00a0\u00bb1\/3&Prime; css=\u00a0\u00bb.vc_custom_1582123849068{padding-right: 0px !important;}\u00a0\u00bb][vc_single_image image=\u00a0\u00bb565&Prime; img_size=\u00a0\u00bb428&#215;525&Prime; alignment=\u00a0\u00bbcenter\u00a0\u00bb][\/vc_column][vc_column width=\u00a0\u00bb2\/3&Prime; css=\u00a0\u00bb.vc_custom_1582123856371{padding-left: 0px !important;}\u00a0\u00bb][vc_single_image image=\u00a0\u00bb566&Prime; img_size=\u00a0\u00bbfull\u00a0\u00bb alignment=\u00a0\u00bbcenter\u00a0\u00bb][\/vc_column][\/vc_row][vc_row full_width=\u00a0\u00bbstretch_row\u00a0\u00bb css=\u00a0\u00bb.vc_custom_1704890111223{padding-top: 50px !important;padding-bottom: 50px !important;background-color: #f5b382 !important;}\u00a0\u00bb][vc_column][vc_column_text el_class=\u00a0\u00bbinfo-text\u00a0\u00bb]<strong>NOTES SUR LES MOSA\u00cfQUES DE L\u2019\u00c9GLISE DU D\u00c9BUT DU MOYEN-\u00c2GE<\/strong><\/p>\n<p>Dans la salle, la mosa\u00efque reproduisait la partition des trois nefs avec deux bandes lat\u00e9rales plus \u00e9troites et un couloir central plus important. La bande sud pr\u00e9sentait un motif g\u00e9om\u00e9trique de vagues avec un cadre dentel\u00e9 <strong>(O-N-H-G)<\/strong> qui se terminait vers l&rsquo;abside par un carr\u00e9 avec des cercles concentriques alternant avec des carr\u00e9s dans un cadre arqu\u00e9 <strong>(P)<\/strong> ; il est probable que ce sch\u00e9ma ait \u00e9t\u00e9 propos\u00e9 sym\u00e9triquement \u00e9galement dans la bande nord <strong>(I)<\/strong>. Un grand clypeus central d\u00e9corait le couloir m\u00e9dian : le sch\u00e9ma de composition se d\u00e9veloppe au sein d&rsquo;une tresse qui renferme un carr\u00e9 central dans lequel huit m\u00e9daillons entrelac\u00e9s et deux grands losanges marquent l&rsquo;espace entre deux cercles concentriques<strong>(A)<\/strong>. La surface environnante est entour\u00e9e de deux bandes d&rsquo;un motif \u00e0 \u00e9cailles dans un cadre avec des p\u00e9tales obliques oppos\u00e9s et de panneaux de fleurs \u00e0 quatre p\u00e9tales <strong>(B-C-F)<\/strong>. Une grande partie du secteur central devant les trois absides fut perdue : cependant, aux extr\u00e9mit\u00e9s, deux fragments du motif \u00e0 \u00e9cailles dans un cadre de p\u00e9tales, d\u00e9j\u00e0 pr\u00e9sents dans le clypeus central. <strong>(D-E)<\/strong>. \u00c0 l&rsquo;entr\u00e9e de la salle de culte se trouvent des mosa\u00efques continues o\u00f9 une s\u00e9quence lin\u00e9aire de grandes fleurs dentel\u00e9es avec bouton central \u00e9tait enferm\u00e9e dans un cadre de fleurs de lotus <strong>(L-M)<\/strong>.[\/vc_column_text][\/vc_column][\/vc_row]\n<\/div>","protected":false},"excerpt":{"rendered":"<p>[vc_row full_width=\u00a0\u00bbstretch_row_content_no_spaces\u00a0\u00bb full_height=\u00a0\u00bbyes\u00a0\u00bb content_placement=\u00a0\u00bbmiddle\u00a0\u00bb css=\u00a0\u00bb.vc_custom_1704890094821{padding-top: 120px !important;background: #f5b382 url(https:\/\/www.jesolohistory.it\/wp-content\/uploads\/2020\/02\/i-mosaici-di-jesolo-1.jpg?id=558) !important;}\u00a0\u00bb][vc_column][vc_empty_space][\/vc_column][\/vc_row][vc_row full_width=\u00a0\u00bbstretch_row\u00a0\u00bb css=\u00a0\u00bb.vc_custom_1704890100504{margin-top: 10px !important;padding-top:&#8230;<\/p>\n","protected":false},"author":1,"featured_media":0,"parent":0,"menu_order":0,"comment_status":"closed","ping_status":"closed","template":"","meta":{"_acf_changed":false,"footnotes":"","_links_to":"","_links_to_target":""},"class_list":["post-3062","page","type-page","status-publish","hentry"],"acf":[],"yoast_head":"<!-- This site is optimized with the Yoast SEO plugin v24.0 - https:\/\/yoast.com\/wordpress\/plugins\/seo\/ -->\n<title>Les mosa\u00efques de Jesolo | Jesolo History<\/title>\n<meta name=\"robots\" content=\"index, follow, max-snippet:-1, max-image-preview:large, max-video-preview:-1\" \/>\n<link rel=\"canonical\" href=\"https:\/\/www.jesolohistory.it\/fr\/les-mosaiques-de-jesolo\/\" \/>\n<meta property=\"og:locale\" content=\"fr_FR\" \/>\n<meta property=\"og:type\" content=\"article\" \/>\n<meta property=\"og:title\" content=\"Les mosa\u00efques de Jesolo | Jesolo History\" \/>\n<meta property=\"og:description\" content=\"[vc_row full_width=\u00a0\u00bbstretch_row_content_no_spaces\u00a0\u00bb full_height=\u00a0\u00bbyes\u00a0\u00bb content_placement=\u00a0\u00bbmiddle\u00a0\u00bb css=\u00a0\u00bb.vc_custom_1704890094821{padding-top: 120px !important;background: #f5b382 url(https:\/\/www.jesolohistory.it\/wp-content\/uploads\/2020\/02\/i-mosaici-di-jesolo-1.jpg?id=558) !important;}\u00a0\u00bb][vc_column][vc_empty_space][\/vc_column][\/vc_row][vc_row full_width=\u00a0\u00bbstretch_row\u00a0\u00bb css=\u00a0\u00bb.vc_custom_1704890100504{margin-top: 10px !important;padding-top:...\" \/>\n<meta property=\"og:url\" content=\"https:\/\/www.jesolohistory.it\/fr\/les-mosaiques-de-jesolo\/\" \/>\n<meta property=\"og:site_name\" content=\"Jesolo History\" \/>\n<meta property=\"article:modified_time\" content=\"2024-01-10T12:35:14+00:00\" \/>\n<meta name=\"twitter:card\" content=\"summary_large_image\" \/>\n<meta name=\"twitter:label1\" content=\"Dur\u00e9e de lecture estim\u00e9e\" \/>\n\t<meta name=\"twitter:data1\" content=\"3 minutes\" \/>\n<script type=\"application\/ld+json\" class=\"yoast-schema-graph\">{\"@context\":\"https:\/\/schema.org\",\"@graph\":[{\"@type\":\"WebPage\",\"@id\":\"https:\/\/www.jesolohistory.it\/fr\/les-mosaiques-de-jesolo\/\",\"url\":\"https:\/\/www.jesolohistory.it\/fr\/les-mosaiques-de-jesolo\/\",\"name\":\"Les mosa\u00efques de Jesolo | Jesolo History\",\"isPartOf\":{\"@id\":\"https:\/\/www.jesolohistory.it\/fr\/#website\"},\"datePublished\":\"2020-02-06T19:43:55+00:00\",\"dateModified\":\"2024-01-10T12:35:14+00:00\",\"breadcrumb\":{\"@id\":\"https:\/\/www.jesolohistory.it\/fr\/les-mosaiques-de-jesolo\/#breadcrumb\"},\"inLanguage\":\"fr-FR\",\"potentialAction\":[{\"@type\":\"ReadAction\",\"target\":[\"https:\/\/www.jesolohistory.it\/fr\/les-mosaiques-de-jesolo\/\"]}]},{\"@type\":\"BreadcrumbList\",\"@id\":\"https:\/\/www.jesolohistory.it\/fr\/les-mosaiques-de-jesolo\/#breadcrumb\",\"itemListElement\":[{\"@type\":\"ListItem\",\"position\":1,\"name\":\"Home\",\"item\":\"https:\/\/www.jesolohistory.it\/fr\/\"},{\"@type\":\"ListItem\",\"position\":2,\"name\":\"Les mosa\u00efques de Jesolo\"}]},{\"@type\":\"WebSite\",\"@id\":\"https:\/\/www.jesolohistory.it\/fr\/#website\",\"url\":\"https:\/\/www.jesolohistory.it\/fr\/\",\"name\":\"Jesolo History\",\"description\":\"\",\"publisher\":{\"@id\":\"https:\/\/www.jesolohistory.it\/fr\/#organization\"},\"potentialAction\":[{\"@type\":\"SearchAction\",\"target\":{\"@type\":\"EntryPoint\",\"urlTemplate\":\"https:\/\/www.jesolohistory.it\/fr\/?s={search_term_string}\"},\"query-input\":{\"@type\":\"PropertyValueSpecification\",\"valueRequired\":true,\"valueName\":\"search_term_string\"}}],\"inLanguage\":\"fr-FR\"},{\"@type\":\"Organization\",\"@id\":\"https:\/\/www.jesolohistory.it\/fr\/#organization\",\"name\":\"Jesolo History\",\"url\":\"https:\/\/www.jesolohistory.it\/fr\/\",\"logo\":{\"@type\":\"ImageObject\",\"inLanguage\":\"fr-FR\",\"@id\":\"https:\/\/www.jesolohistory.it\/fr\/#\/schema\/logo\/image\/\",\"url\":\"https:\/\/www.jesolohistory.it\/wp-content\/uploads\/2020\/02\/logo-jesolo-history-1.png\",\"contentUrl\":\"https:\/\/www.jesolohistory.it\/wp-content\/uploads\/2020\/02\/logo-jesolo-history-1.png\",\"width\":674,\"height\":318,\"caption\":\"Jesolo History\"},\"image\":{\"@id\":\"https:\/\/www.jesolohistory.it\/fr\/#\/schema\/logo\/image\/\"}}]}<\/script>\n<!-- \/ Yoast SEO plugin. -->","yoast_head_json":{"title":"Les mosa\u00efques de Jesolo | Jesolo History","robots":{"index":"index","follow":"follow","max-snippet":"max-snippet:-1","max-image-preview":"max-image-preview:large","max-video-preview":"max-video-preview:-1"},"canonical":"https:\/\/www.jesolohistory.it\/fr\/les-mosaiques-de-jesolo\/","og_locale":"fr_FR","og_type":"article","og_title":"Les mosa\u00efques de Jesolo | Jesolo History","og_description":"[vc_row full_width=\u00a0\u00bbstretch_row_content_no_spaces\u00a0\u00bb full_height=\u00a0\u00bbyes\u00a0\u00bb content_placement=\u00a0\u00bbmiddle\u00a0\u00bb css=\u00a0\u00bb.vc_custom_1704890094821{padding-top: 120px !important;background: #f5b382 url(https:\/\/www.jesolohistory.it\/wp-content\/uploads\/2020\/02\/i-mosaici-di-jesolo-1.jpg?id=558) !important;}\u00a0\u00bb][vc_column][vc_empty_space][\/vc_column][\/vc_row][vc_row full_width=\u00a0\u00bbstretch_row\u00a0\u00bb css=\u00a0\u00bb.vc_custom_1704890100504{margin-top: 10px !important;padding-top:...","og_url":"https:\/\/www.jesolohistory.it\/fr\/les-mosaiques-de-jesolo\/","og_site_name":"Jesolo History","article_modified_time":"2024-01-10T12:35:14+00:00","twitter_card":"summary_large_image","twitter_misc":{"Dur\u00e9e de lecture estim\u00e9e":"3 minutes"},"schema":{"@context":"https:\/\/schema.org","@graph":[{"@type":"WebPage","@id":"https:\/\/www.jesolohistory.it\/fr\/les-mosaiques-de-jesolo\/","url":"https:\/\/www.jesolohistory.it\/fr\/les-mosaiques-de-jesolo\/","name":"Les mosa\u00efques de Jesolo | Jesolo History","isPartOf":{"@id":"https:\/\/www.jesolohistory.it\/fr\/#website"},"datePublished":"2020-02-06T19:43:55+00:00","dateModified":"2024-01-10T12:35:14+00:00","breadcrumb":{"@id":"https:\/\/www.jesolohistory.it\/fr\/les-mosaiques-de-jesolo\/#breadcrumb"},"inLanguage":"fr-FR","potentialAction":[{"@type":"ReadAction","target":["https:\/\/www.jesolohistory.it\/fr\/les-mosaiques-de-jesolo\/"]}]},{"@type":"BreadcrumbList","@id":"https:\/\/www.jesolohistory.it\/fr\/les-mosaiques-de-jesolo\/#breadcrumb","itemListElement":[{"@type":"ListItem","position":1,"name":"Home","item":"https:\/\/www.jesolohistory.it\/fr\/"},{"@type":"ListItem","position":2,"name":"Les mosa\u00efques de Jesolo"}]},{"@type":"WebSite","@id":"https:\/\/www.jesolohistory.it\/fr\/#website","url":"https:\/\/www.jesolohistory.it\/fr\/","name":"Jesolo History","description":"","publisher":{"@id":"https:\/\/www.jesolohistory.it\/fr\/#organization"},"potentialAction":[{"@type":"SearchAction","target":{"@type":"EntryPoint","urlTemplate":"https:\/\/www.jesolohistory.it\/fr\/?s={search_term_string}"},"query-input":{"@type":"PropertyValueSpecification","valueRequired":true,"valueName":"search_term_string"}}],"inLanguage":"fr-FR"},{"@type":"Organization","@id":"https:\/\/www.jesolohistory.it\/fr\/#organization","name":"Jesolo History","url":"https:\/\/www.jesolohistory.it\/fr\/","logo":{"@type":"ImageObject","inLanguage":"fr-FR","@id":"https:\/\/www.jesolohistory.it\/fr\/#\/schema\/logo\/image\/","url":"https:\/\/www.jesolohistory.it\/wp-content\/uploads\/2020\/02\/logo-jesolo-history-1.png","contentUrl":"https:\/\/www.jesolohistory.it\/wp-content\/uploads\/2020\/02\/logo-jesolo-history-1.png","width":674,"height":318,"caption":"Jesolo History"},"image":{"@id":"https:\/\/www.jesolohistory.it\/fr\/#\/schema\/logo\/image\/"}}]}},"_links":{"self":[{"href":"https:\/\/www.jesolohistory.it\/fr\/wp-json\/wp\/v2\/pages\/3062","targetHints":{"allow":["GET"]}}],"collection":[{"href":"https:\/\/www.jesolohistory.it\/fr\/wp-json\/wp\/v2\/pages"}],"about":[{"href":"https:\/\/www.jesolohistory.it\/fr\/wp-json\/wp\/v2\/types\/page"}],"author":[{"embeddable":true,"href":"https:\/\/www.jesolohistory.it\/fr\/wp-json\/wp\/v2\/users\/1"}],"replies":[{"embeddable":true,"href":"https:\/\/www.jesolohistory.it\/fr\/wp-json\/wp\/v2\/comments?post=3062"}],"version-history":[{"count":7,"href":"https:\/\/www.jesolohistory.it\/fr\/wp-json\/wp\/v2\/pages\/3062\/revisions"}],"predecessor-version":[{"id":5199,"href":"https:\/\/www.jesolohistory.it\/fr\/wp-json\/wp\/v2\/pages\/3062\/revisions\/5199"}],"wp:attachment":[{"href":"https:\/\/www.jesolohistory.it\/fr\/wp-json\/wp\/v2\/media?parent=3062"}],"curies":[{"name":"wp","href":"https:\/\/api.w.org\/{rel}","templated":true}]}}