{"id":3101,"date":"2020-04-09T16:30:25","date_gmt":"2020-04-09T14:30:25","guid":{"rendered":"https:\/\/www.jesolohistory.it\/credits\/"},"modified":"2024-01-09T21:29:17","modified_gmt":"2024-01-09T20:29:17","slug":"credits","status":"publish","type":"page","link":"https:\/\/www.jesolohistory.it\/fr\/credits\/","title":{"rendered":"Credits"},"content":{"rendered":"<div class=\"wpb-content-wrapper\">[vc_row full_width=\u00a0\u00bbstretch_row_content_no_spaces\u00a0\u00bb content_placement=\u00a0\u00bbmiddle\u00a0\u00bb css=\u00a0\u00bb.vc_custom_1704832107529{background-color: #f5b382 !important;}\u00a0\u00bb][vc_column css=\u00a0\u00bb.vc_custom_1583930681653{padding-top: 320px !important;padding-bottom: 200px !important;}\u00a0\u00bb offset=\u00a0\u00bbvc_hidden-sm vc_hidden-xs\u00a0\u00bb]<div class=\"norebro-heading-sc heading text-center\"\n\tid=\"norebro-custom-69e4b04b247e7\" \n\t \n\t>\n\t\n\t\n\t\n\t<h2 class=\"title\">\n\t\tCREDITS\t<\/h2>\n\n\t\n\t\t\n<\/div>[\/vc_column][\/vc_row][vc_row full_width=\u00a0\u00bbstretch_row_content_no_spaces\u00a0\u00bb content_placement=\u00a0\u00bbmiddle\u00a0\u00bb css=\u00a0\u00bb.vc_custom_1704832112925{background-color: #f5b382 !important;}\u00a0\u00bb][vc_column css=\u00a0\u00bb.vc_custom_1583930857154{padding-top: 180px !important;padding-bottom: 100px !important;}\u00a0\u00bb offset=\u00a0\u00bbvc_hidden-lg vc_hidden-md\u00a0\u00bb]<div class=\"norebro-heading-sc heading text-center\"\n\tid=\"norebro-custom-69e4b04b24b71\" \n\t \n\t>\n\t\n\t\n\t\n\t<h2 class=\"title\">\n\t\tCREDITS\t<\/h2>\n\n\t\n\t\t\n<\/div>[\/vc_column][\/vc_row][vc_row full_width=\u00a0\u00bbstretch_row\u00a0\u00bb css=\u00a0\u00bb.vc_custom_1704832117959{margin-top: 10px !important;padding-top: 50px !important;padding-bottom: 50px !important;background-color: #f5b382 !important;}\u00a0\u00bb][vc_column el_class=\u00a0\u00bbinfo-text\u00a0\u00bb][vc_column_text]<strong>Le projet arch\u00e9ologique de Jesolo lanc\u00e9 en 2011<\/strong>, gr\u00e2ce \u00e0 une subvention du Minist\u00e8re du Patrimoine Culturel et des Activit\u00e9s, est financ\u00e9 par l&rsquo;Administration Municipale de Jesolo et l&rsquo;Universit\u00e9 Ca &lsquo;Foscari de Venise en collaboration avec la Surintendance de l&rsquo;Arch\u00e9ologie, des Beaux-arts et du Paysage de la Ville de Venise et Lagune.<\/p>\n<p><strong>Direction scientifique:<\/strong><br \/>\nSauro Gelichi, Professeur Titulaire d&rsquo;Arch\u00e9ologie M\u00e9di\u00e9vale, D\u00e9partement des Sciences Humaines &#8211; Universit\u00e9 Ca &lsquo;Foscari de Venise.<\/p>\n<p>En partenariat avec :<\/p>\n<ul>\n<li>l\u2019<strong>Universit\u00e9 de Padoue<\/strong> pour l\u2019\u00e9tude arch\u00e9ologique : Paolo Mozzi, Sandra Primon.<\/li>\n<li>l\u2019<strong>Universit\u00e9 de Sienne<\/strong> pour les analyses g\u00e9ophysiques\u00a0: Stefano Campana, Ken Saito<\/li>\n<li>l\u2019<strong>Universit\u00e9 d\u2019Ume\u00e0<\/strong> pour les analyses micromorphologiques : Johan Linderholm, Claudia Sciuto<\/li>\n<li>le <strong>Laboratoire Dendrodata (V\u00e9rone)<\/strong> pour les analyses dendrochronologiques : Nicoletta Martinelli<\/li>\n<li>le <strong>Laboratoire de Caract\u00e9risation des Mat\u00e9riaux, D\u00e9p. de Philosophie et des Biens Culturels, Universit\u00e9 Ca\u2019 Foscari de Venise<\/strong> pour les photographies des vestiges et des analyses arch\u00e9om\u00e9triques sur les vestiges en verre : Lavinia de Ferri, Giulio Pojana, Davide Vallotto<\/li>\n<\/ul>\n<p><strong>Responsables des recherches sur le terrain:<\/strong><br \/>\nSilvia Cadamuro, Alessandra Cianciosi, Anita Granzo<\/p>\n<p><strong>Restauration des vestiges arch\u00e9ologiques:<\/strong><br \/>\nFlorence Caillaud, Laboratoire de restauration arch\u00e9ologique (Bologne)<br \/>\nPlanche repr\u00e9sentant l&rsquo;\u00eele Equilus entre le IVe et le Ve si\u00e8cle : Studio Inklink par Simone Boni<\/p>\n<p>Nous remercions tous les membres et collaborateurs de l&rsquo;\u00e9quipe P\u00e9dagogique d&rsquo;Arch\u00e9ologie M\u00e9di\u00e9vale pour l&rsquo;\u00e9tude des mat\u00e9riaux : Monica Baldassarri, Francesca Bertoldi, Clelia De Negri, Margherita Ferri, Alessandra Forti, Silvia Garavello, Claudio Negrelli, Piera Allegra Rasia, Lara Sabbionesi, Carlotta Sisalli, Marco Vignola et tous les \u00e9tudiants, \u00e9tudiants de troisi\u00e8me cycle, doctorants et professionnels qui ont particip\u00e9 aux activit\u00e9s sur le terrain.<\/p>\n<p><strong>WEB DESIGN &amp; VIDEO:<\/strong> <a href=\"https:\/\/www.areateam.biz\/\" target=\"_blank\" rel=\"noopener noreferrer\">AREATEAM<\/a> &#8211; <a href=\"http:\/\/www.suonica.it\/\" target=\"_blank\" rel=\"noopener noreferrer\">SUONICA<\/a>[\/vc_column_text][\/vc_column][\/vc_row]\n<\/div>","protected":false},"excerpt":{"rendered":"<p>[vc_row full_width=\u00a0\u00bbstretch_row_content_no_spaces\u00a0\u00bb content_placement=\u00a0\u00bbmiddle\u00a0\u00bb css=\u00a0\u00bb.vc_custom_1704832107529{background-color: #f5b382 !important;}\u00a0\u00bb][vc_column css=\u00a0\u00bb.vc_custom_1583930681653{padding-top: 320px !important;padding-bottom: 200px !important;}\u00a0\u00bb offset=\u00a0\u00bbvc_hidden-sm vc_hidden-xs\u00a0\u00bb][\/vc_column][\/vc_row][vc_row full_width=\u00a0\u00bbstretch_row_content_no_spaces\u00a0\u00bb&#8230;<\/p>\n","protected":false},"author":1,"featured_media":0,"parent":0,"menu_order":0,"comment_status":"closed","ping_status":"closed","template":"","meta":{"_acf_changed":false,"footnotes":"","_links_to":"","_links_to_target":""},"class_list":["post-3101","page","type-page","status-publish","hentry"],"acf":[],"yoast_head":"<!-- This site is optimized with the Yoast SEO plugin v24.0 - https:\/\/yoast.com\/wordpress\/plugins\/seo\/ -->\n<title>Credits | Jesolo History<\/title>\n<meta name=\"robots\" content=\"index, follow, max-snippet:-1, max-image-preview:large, max-video-preview:-1\" \/>\n<link rel=\"canonical\" href=\"https:\/\/www.jesolohistory.it\/fr\/credits\/\" \/>\n<meta property=\"og:locale\" content=\"fr_FR\" \/>\n<meta property=\"og:type\" content=\"article\" \/>\n<meta property=\"og:title\" content=\"Credits | Jesolo History\" \/>\n<meta property=\"og:description\" content=\"[vc_row full_width=\u00a0\u00bbstretch_row_content_no_spaces\u00a0\u00bb content_placement=\u00a0\u00bbmiddle\u00a0\u00bb css=\u00a0\u00bb.vc_custom_1704832107529{background-color: #f5b382 !important;}\u00a0\u00bb][vc_column css=\u00a0\u00bb.vc_custom_1583930681653{padding-top: 320px !important;padding-bottom: 200px !important;}\u00a0\u00bb offset=\u00a0\u00bbvc_hidden-sm vc_hidden-xs\u00a0\u00bb][\/vc_column][\/vc_row][vc_row full_width=\u00a0\u00bbstretch_row_content_no_spaces\u00a0\u00bb...\" \/>\n<meta property=\"og:url\" content=\"https:\/\/www.jesolohistory.it\/fr\/credits\/\" \/>\n<meta property=\"og:site_name\" content=\"Jesolo History\" \/>\n<meta property=\"article:modified_time\" content=\"2024-01-09T20:29:17+00:00\" \/>\n<meta name=\"twitter:card\" content=\"summary_large_image\" \/>\n<meta name=\"twitter:label1\" content=\"Dur\u00e9e de lecture estim\u00e9e\" \/>\n\t<meta name=\"twitter:data1\" content=\"2 minutes\" \/>\n<script type=\"application\/ld+json\" class=\"yoast-schema-graph\">{\"@context\":\"https:\/\/schema.org\",\"@graph\":[{\"@type\":\"WebPage\",\"@id\":\"https:\/\/www.jesolohistory.it\/fr\/credits\/\",\"url\":\"https:\/\/www.jesolohistory.it\/fr\/credits\/\",\"name\":\"Credits | Jesolo History\",\"isPartOf\":{\"@id\":\"https:\/\/www.jesolohistory.it\/fr\/#website\"},\"datePublished\":\"2020-04-09T14:30:25+00:00\",\"dateModified\":\"2024-01-09T20:29:17+00:00\",\"breadcrumb\":{\"@id\":\"https:\/\/www.jesolohistory.it\/fr\/credits\/#breadcrumb\"},\"inLanguage\":\"fr-FR\",\"potentialAction\":[{\"@type\":\"ReadAction\",\"target\":[\"https:\/\/www.jesolohistory.it\/fr\/credits\/\"]}]},{\"@type\":\"BreadcrumbList\",\"@id\":\"https:\/\/www.jesolohistory.it\/fr\/credits\/#breadcrumb\",\"itemListElement\":[{\"@type\":\"ListItem\",\"position\":1,\"name\":\"Home\",\"item\":\"https:\/\/www.jesolohistory.it\/fr\/\"},{\"@type\":\"ListItem\",\"position\":2,\"name\":\"Credits\"}]},{\"@type\":\"WebSite\",\"@id\":\"https:\/\/www.jesolohistory.it\/fr\/#website\",\"url\":\"https:\/\/www.jesolohistory.it\/fr\/\",\"name\":\"Jesolo History\",\"description\":\"\",\"publisher\":{\"@id\":\"https:\/\/www.jesolohistory.it\/fr\/#organization\"},\"potentialAction\":[{\"@type\":\"SearchAction\",\"target\":{\"@type\":\"EntryPoint\",\"urlTemplate\":\"https:\/\/www.jesolohistory.it\/fr\/?s={search_term_string}\"},\"query-input\":{\"@type\":\"PropertyValueSpecification\",\"valueRequired\":true,\"valueName\":\"search_term_string\"}}],\"inLanguage\":\"fr-FR\"},{\"@type\":\"Organization\",\"@id\":\"https:\/\/www.jesolohistory.it\/fr\/#organization\",\"name\":\"Jesolo History\",\"url\":\"https:\/\/www.jesolohistory.it\/fr\/\",\"logo\":{\"@type\":\"ImageObject\",\"inLanguage\":\"fr-FR\",\"@id\":\"https:\/\/www.jesolohistory.it\/fr\/#\/schema\/logo\/image\/\",\"url\":\"https:\/\/www.jesolohistory.it\/wp-content\/uploads\/2020\/02\/logo-jesolo-history-1.png\",\"contentUrl\":\"https:\/\/www.jesolohistory.it\/wp-content\/uploads\/2020\/02\/logo-jesolo-history-1.png\",\"width\":674,\"height\":318,\"caption\":\"Jesolo History\"},\"image\":{\"@id\":\"https:\/\/www.jesolohistory.it\/fr\/#\/schema\/logo\/image\/\"}}]}<\/script>\n<!-- \/ Yoast SEO plugin. -->","yoast_head_json":{"title":"Credits | Jesolo History","robots":{"index":"index","follow":"follow","max-snippet":"max-snippet:-1","max-image-preview":"max-image-preview:large","max-video-preview":"max-video-preview:-1"},"canonical":"https:\/\/www.jesolohistory.it\/fr\/credits\/","og_locale":"fr_FR","og_type":"article","og_title":"Credits | Jesolo History","og_description":"[vc_row full_width=\u00a0\u00bbstretch_row_content_no_spaces\u00a0\u00bb content_placement=\u00a0\u00bbmiddle\u00a0\u00bb css=\u00a0\u00bb.vc_custom_1704832107529{background-color: #f5b382 !important;}\u00a0\u00bb][vc_column css=\u00a0\u00bb.vc_custom_1583930681653{padding-top: 320px !important;padding-bottom: 200px !important;}\u00a0\u00bb offset=\u00a0\u00bbvc_hidden-sm vc_hidden-xs\u00a0\u00bb][\/vc_column][\/vc_row][vc_row full_width=\u00a0\u00bbstretch_row_content_no_spaces\u00a0\u00bb...","og_url":"https:\/\/www.jesolohistory.it\/fr\/credits\/","og_site_name":"Jesolo History","article_modified_time":"2024-01-09T20:29:17+00:00","twitter_card":"summary_large_image","twitter_misc":{"Dur\u00e9e de lecture estim\u00e9e":"2 minutes"},"schema":{"@context":"https:\/\/schema.org","@graph":[{"@type":"WebPage","@id":"https:\/\/www.jesolohistory.it\/fr\/credits\/","url":"https:\/\/www.jesolohistory.it\/fr\/credits\/","name":"Credits | Jesolo History","isPartOf":{"@id":"https:\/\/www.jesolohistory.it\/fr\/#website"},"datePublished":"2020-04-09T14:30:25+00:00","dateModified":"2024-01-09T20:29:17+00:00","breadcrumb":{"@id":"https:\/\/www.jesolohistory.it\/fr\/credits\/#breadcrumb"},"inLanguage":"fr-FR","potentialAction":[{"@type":"ReadAction","target":["https:\/\/www.jesolohistory.it\/fr\/credits\/"]}]},{"@type":"BreadcrumbList","@id":"https:\/\/www.jesolohistory.it\/fr\/credits\/#breadcrumb","itemListElement":[{"@type":"ListItem","position":1,"name":"Home","item":"https:\/\/www.jesolohistory.it\/fr\/"},{"@type":"ListItem","position":2,"name":"Credits"}]},{"@type":"WebSite","@id":"https:\/\/www.jesolohistory.it\/fr\/#website","url":"https:\/\/www.jesolohistory.it\/fr\/","name":"Jesolo History","description":"","publisher":{"@id":"https:\/\/www.jesolohistory.it\/fr\/#organization"},"potentialAction":[{"@type":"SearchAction","target":{"@type":"EntryPoint","urlTemplate":"https:\/\/www.jesolohistory.it\/fr\/?s={search_term_string}"},"query-input":{"@type":"PropertyValueSpecification","valueRequired":true,"valueName":"search_term_string"}}],"inLanguage":"fr-FR"},{"@type":"Organization","@id":"https:\/\/www.jesolohistory.it\/fr\/#organization","name":"Jesolo History","url":"https:\/\/www.jesolohistory.it\/fr\/","logo":{"@type":"ImageObject","inLanguage":"fr-FR","@id":"https:\/\/www.jesolohistory.it\/fr\/#\/schema\/logo\/image\/","url":"https:\/\/www.jesolohistory.it\/wp-content\/uploads\/2020\/02\/logo-jesolo-history-1.png","contentUrl":"https:\/\/www.jesolohistory.it\/wp-content\/uploads\/2020\/02\/logo-jesolo-history-1.png","width":674,"height":318,"caption":"Jesolo History"},"image":{"@id":"https:\/\/www.jesolohistory.it\/fr\/#\/schema\/logo\/image\/"}}]}},"_links":{"self":[{"href":"https:\/\/www.jesolohistory.it\/fr\/wp-json\/wp\/v2\/pages\/3101","targetHints":{"allow":["GET"]}}],"collection":[{"href":"https:\/\/www.jesolohistory.it\/fr\/wp-json\/wp\/v2\/pages"}],"about":[{"href":"https:\/\/www.jesolohistory.it\/fr\/wp-json\/wp\/v2\/types\/page"}],"author":[{"embeddable":true,"href":"https:\/\/www.jesolohistory.it\/fr\/wp-json\/wp\/v2\/users\/1"}],"replies":[{"embeddable":true,"href":"https:\/\/www.jesolohistory.it\/fr\/wp-json\/wp\/v2\/comments?post=3101"}],"version-history":[{"count":5,"href":"https:\/\/www.jesolohistory.it\/fr\/wp-json\/wp\/v2\/pages\/3101\/revisions"}],"predecessor-version":[{"id":5178,"href":"https:\/\/www.jesolohistory.it\/fr\/wp-json\/wp\/v2\/pages\/3101\/revisions\/5178"}],"wp:attachment":[{"href":"https:\/\/www.jesolohistory.it\/fr\/wp-json\/wp\/v2\/media?parent=3101"}],"curies":[{"name":"wp","href":"https:\/\/api.w.org\/{rel}","templated":true}]}}